{"id":3992,"date":"2022-01-25T10:08:15","date_gmt":"2022-01-25T09:08:15","guid":{"rendered":"https:\/\/www.pianoamateurs.com\/concours-2022\/"},"modified":"2024-11-13T00:14:14","modified_gmt":"2024-11-12T23:14:14","slug":"concours-2024","status":"publish","type":"page","link":"https:\/\/www.pianoamateurs.com\/de\/concours-2024\/","title":{"rendered":"Wettbewerb 2025"},"content":{"rendered":"<div class=\"wpb-content-wrapper\"><p>[vc_row full_width=&#8220;stretch_row&#8220; vc_row_background=&#8220;&#8220; el_class=&#8220;titre1&#8243; css=&#8220;.vc_custom_1705653871008{background-image: url(https:\/\/www.pianoamateurs.com\/wp-content\/uploads\/2021\/03\/piano-main4a.jpg?id=3490) !important;background-position: center !important;background-repeat: no-repeat !important;background-size: cover !important;}&#8220;][vc_column css=&#8220;.vc_custom_1643102715452{padding-bottom: 50px !important;}&#8220;][vc_custom_heading text=&#8220;Wettbewerb 2024&#8243; font_container=&#8220;tag:h2|font_size:30px|text_align:center|color:%2319ace2&#8243; google_fonts=&#8220;font_family:Lato%3A100%2C100italic%2C300%2C300italic%2Cregular%2Citalic%2C700%2C700italic%2C900%2C900italic|font_style:400%20regular%3A400%3Anormal&#8220;][\/vc_column][\/vc_row][vc_row vc_row_background=&#8220;&#8220; el_class=&#8220;article1&#8243;][vc_column][vc_single_image image=&#8220;5101&#8243; img_size=&#8220;full&#8220;][\/vc_column][\/vc_row][vc_row disable_element=&#8220;yes&#8220; vc_row_background=&#8220;&#8220; el_class=&#8220;article&#8220; css=&#8220;.vc_custom_1643105684104{margin-top: 50px !important;}&#8220;][vc_column][vc_column_text]<\/p>\n<p class=\"p1\">Madame, Monsieur, Chers Amis,<\/p>\n<p class=\"p1\">Nous avons plaisir \u00e0 vous annoncer l\u2019ouverture du 30<span class=\"s1\">e <\/span>Concours des grands amateurs de piano :<\/p>\n<p>[\/vc_column_text][vc_row_inner][vc_column_inner width=&#8220;1\/6&#8243;][vc_column_text]<\/p>\n<p style=\"text-align: right;\">Eliminatoires :<\/p>\n<p>[\/vc_column_text][\/vc_column_inner][vc_column_inner width=&#8220;5\/6&#8243;][vc_column_text]<\/p>\n<p class=\"p1\"><strong>mercredi 9 mars et jeudi 10 mars 2022 de 10h30 \u00e0 19h<\/strong><br \/>\n<strong>Lieu :<\/strong> Mairie du 16<span class=\"s2\">e<\/span>, 71 avenue Henri Martin &#8211; 75016 Paris (m\u00e9tro Pompe)<\/p>\n<p>[\/vc_column_text][\/vc_column_inner][\/vc_row_inner][vc_row_inner][vc_column_inner width=&#8220;1\/6&#8243;][vc_column_text]<\/p>\n<p style=\"text-align: right;\">Demi-finale :<\/p>\n<p>[\/vc_column_text][\/vc_column_inner][vc_column_inner width=&#8220;5\/6&#8243;][vc_column_text]<\/p>\n<p class=\"p1\"><strong>vendredi 11 mars 2022 \u00e0 18h<br \/>\n<\/strong><strong>Lieu :<\/strong> Mairie du 16<span class=\"s1\">e<\/span><\/p>\n<p>[\/vc_column_text][\/vc_column_inner][\/vc_row_inner][vc_column_text css=&#8220;.vc_custom_1643104511094{margin-top: 30px !important;background-color: #ffffff !important;border-radius: 1px !important;}&#8220; el_class=&#8220;border&#8220;]<\/p>\n<h3 class=\"p1\" style=\"text-align: center;\"><strong>Finale : samedi 12 mars 2022 \u00e0 16 h<\/strong><\/h3>\n<p class=\"p5\" style=\"text-align: center;\"><strong>Grand Amphi de la Sorbonne \u2013<\/strong> 45 Rue des Ecoles -75005 Paris<\/p>\n<p>[\/vc_column_text][\/vc_column][\/vc_row][vc_row disable_element=&#8220;yes&#8220; vc_row_background=&#8220;&#8220; el_class=&#8220;article&#8220; css=&#8220;.vc_custom_1643105694980{margin-top: 20px !important;}&#8220;][vc_column][vc_column_text el_class=&#8220;article1&#8243;]<\/p>\n<p class=\"p1\"><strong>100 candidats venant de 30 pays<\/strong> vont participer au <strong><span style=\"font-family: -apple-system, BlinkMacSystemFont, 'Segoe UI', Roboto, Oxygen-Sans, Ubuntu, Cantarell, 'Helvetica Neue', sans-serif;\">30<\/span><span class=\"s1\" style=\"font-family: -apple-system, BlinkMacSystemFont, 'Segoe UI', Roboto, Oxygen-Sans, Ubuntu, Cantarell, 'Helvetica Neue', sans-serif;\">e <\/span><\/strong><span style=\"font-family: -apple-system, BlinkMacSystemFont, 'Segoe UI', Roboto, Oxygen-Sans, Ubuntu, Cantarell, 'Helvetica Neue', sans-serif;\"><strong>Concours<\/strong> : Allemagne, Autriche, Belgique,\u00a0<\/span>Bielorussie, Bosnie Herzegovine, Canada, Chine, Cor\u00e9e du Sud, Ecosse, Espagne, Etats-Unis, France, Georgie, Israel, Italie, Japon, Lituanie Maroc, Pays-Bas, Pologne, Roumanie, Royaume Uni, Russie, Slovaquie, Sri Lanka, Su\u00e8de, Suisse, Taiwan, Ukraine, Zambie<\/p>\n<p>[\/vc_column_text][vc_column_text el_class=&#8220;article1&#8243;]<\/p>\n<p class=\"p1\"><strong>Le jury du Concours 2022 :<br \/>\n<\/strong>Reiko Nakaoki, Helena Kroon, Fran\u00e7ois-Ren\u00e9 Duchable, Yves Henry, Tristan Pfaff, Marc Andr\u00e9, Christian Debrus, Roustem Saitkoulov, Marc Laforet, Pierre Cheremetiev, Eric Heidsieck, Hubert Guillard, Sto\u00efshi Hase, Alexis Golovin<\/p>\n<p>[\/vc_column_text][\/vc_column][\/vc_row][vc_row disable_element=&#8220;yes&#8220; vc_row_background=&#8220;&#8220; el_class=&#8220;article&#8220; css=&#8220;.vc_custom_1643105701962{margin-top: 20px !important;}&#8220;][vc_column][vc_separator color=&#8220;black&#8220; el_width=&#8220;30&#8243; css=&#8220;.vc_custom_1643104637274{margin-bottom: 30px !important;}&#8220;][vc_column_text el_class=&#8220;article1&#8243;]<\/p>\n<p class=\"p1\">Un jury, compos\u00e9 de dix critiques musicaux des principaux m\u00e9dias, remettra le &#8222;Prix de la Presse Internationale&#8220;. Enfin, vous-m\u00eame pourrez participer au &#8222;<strong>Prix du Public<\/strong>&#8222;, en votant le samedi 12 mars (un bulletin vous sera remis) \u00e0 la Sorbonne.<\/p>\n<p class=\"p1\">Comme les ann\u00e9es pass\u00e9es, nous voudrions que le Concours soit plac\u00e9 sous le signe de la sympathie.<\/p>\n<p class=\"p1\">Bien sinc\u00e8rement, et rendez-vous \u00e0 partir du 9 mars, ou <strong><span class=\"s1\">pour la finale samedi 12 mars \u00e0 16h dans <\/span>le tr\u00e8s bel Amphi de la Sorbonne<\/strong>.<\/p>\n<p class=\"p1\"><strong>Le laur\u00e9at sera invit\u00e9 \u00e0 jouer un concerto \u00e0 la soir\u00e9e de gala des Grands Amateurs avec l\u2019Orchestre de la Garde R\u00e9publicaine mardi 31 mai 2022 \u00e0 20h \u00e0 la Sorbonne<\/strong><\/p>\n<p>[\/vc_column_text][\/vc_column][\/vc_row][vc_row disable_element=&#8220;yes&#8220; vc_row_background=&#8220;&#8220; el_class=&#8220;article&#8220; css=&#8220;.vc_custom_1643105708847{margin-top: 20px !important;}&#8220;][vc_column el_class=&#8220;border&#8220;][vc_custom_heading text=&#8220;Toutes les \u00e9preuves sont publiques :&#8220; font_container=&#8220;tag:h2|font_size:20|text_align:center|color:%230f0f0f&#8220; google_fonts=&#8220;font_family:Lato%3A100%2C100italic%2C300%2C300italic%2Cregular%2Citalic%2C700%2C700italic%2C900%2C900italic|font_style:400%20regular%3A400%3Anormal&#8220;][vc_column_text]<\/p>\n<p class=\"p1\">Un jury, compos\u00e9 de dix critiques musicaux des principaux m\u00e9dias, remettra le &#8222;Prix de la Presse Internationale&#8220;. Enfin, vous-m\u00eame pourrez participer au &#8222;<strong>Prix du Public<\/strong>&#8222;, en votant le samedi 12 mars (un bulletin vous sera remis) \u00e0 la Sorbonne.<\/p>\n<p class=\"p1\">Comme les ann\u00e9es pass\u00e9es, nous voudrions que le Concours soit plac\u00e9 sous le signe de la sympathie.<\/p>\n<p class=\"p1\">Bien sinc\u00e8rement, et rendez-vous \u00e0 partir du 9 mars, ou <strong><span class=\"s1\">pour la finale samedi 12 mars \u00e0 16h dans <\/span>le tr\u00e8s bel Amphi de la Sorbonne<\/strong>.<\/p>\n<p class=\"p1\"><strong>Le laur\u00e9at sera invit\u00e9 \u00e0 jouer un concerto \u00e0 la soir\u00e9e de gala des Grands Amateurs avec l\u2019Orchestre de la Garde R\u00e9publicaine mardi 31 mai 2022 \u00e0 20h \u00e0 la Sorbonne<\/strong><\/p>\n<p>[\/vc_column_text][\/vc_column][\/vc_row]<\/p>\n<\/div>","protected":false},"excerpt":{"rendered":"<p>[vc_row full_width=&#8220;stretch_row&#8220; vc_row_background=&#8220;&#8220; el_class=&#8220;titre1&#8243; css=&#8220;.vc_custom_1705653871008{background-image: url(https:\/\/www.pianoamateurs.com\/wp-content\/uploads\/2021\/03\/piano-main4a.jpg?id=3490) !important;background-position: center !important;background-repeat: no-repeat !important;background-size: cover !important;}&#8220;][vc_column css=&#8220;.vc_custom_1643102715452{padding-bottom: 50px !important;}&#8220;][vc_custom_heading text=&#8220;Wettbewerb 2024&#8243; font_container=&#8220;tag:h2|font_size:30px|text_align:center|color:%2319ace2&#8243; google_fonts=&#8220;font_family:Lato%3A100%2C100italic%2C300%2C300italic%2Cregular%2Citalic%2C700%2C700italic%2C900%2C900italic|font_style:400%20regular%3A400%3Anormal&#8220;][\/vc_column][\/vc_row][vc_row vc_row_background=&#8220;&#8220; el_class=&#8220;article1&#8243;][vc_column][vc_single_image image=&#8220;5101&#8243; img_size=&#8220;full&#8220;][\/vc_column][\/vc_row][vc_row disable_element=&#8220;yes&#8220; vc_row_background=&#8220;&#8220; el_class=&#8220;article&#8220; css=&#8220;.vc_custom_1643105684104{margin-top: 50px !important;}&#8220;][vc_column][vc_column_text] Madame, Monsieur, Chers Amis, Nous avons plaisir \u00e0 vous annoncer l\u2019ouverture du 30e Concours des grands amateurs de piano : [\/vc_column_text][vc_row_inner][vc_column_inner width=&#8220;1\/6&#8243;][vc_column_text] Eliminatoires : [\/vc_column_text][\/vc_column_inner][vc_column_inner [&hellip;]<\/p>\n","protected":false},"author":1,"featured_media":0,"parent":0,"menu_order":0,"comment_status":"closed","ping_status":"closed","template":"","meta":{"footnotes":""},"class_list":["post-3992","page","type-page","status-publish","hentry"],"yoast_head":"<!-- This site is optimized with the Yoast SEO plugin v27.2 - https:\/\/yoast.com\/product\/yoast-seo-wordpress\/ -->\n<title>Wettbewerb 2025 - Hervorragender Amateur-Pianisten<\/title>\n<meta name=\"robots\" content=\"index, follow, max-snippet:-1, max-image-preview:large, max-video-preview:-1\" \/>\n<link rel=\"canonical\" href=\"https:\/\/www.pianoamateurs.com\/de\/concours-2024\/\" \/>\n<meta property=\"og:locale\" content=\"de_DE\" \/>\n<meta property=\"og:type\" content=\"article\" \/>\n<meta property=\"og:title\" content=\"Wettbewerb 2025 - Hervorragender Amateur-Pianisten\" \/>\n<meta property=\"og:description\" content=\"[vc_row full_width=&#8220;stretch_row&#8220; vc_row_background=&#8220;&#8220; el_class=&#8220;titre1&#8243; css=&#8220;.vc_custom_1705653871008{background-image: url(https:\/\/www.pianoamateurs.com\/wp-content\/uploads\/2021\/03\/piano-main4a.jpg?id=3490) !important;background-position: center !important;background-repeat: no-repeat !important;background-size: cover !important;}&#8220;][vc_column css=&#8220;.vc_custom_1643102715452{padding-bottom: 50px !important;}&#8220;][vc_custom_heading text=&#8220;Wettbewerb 2024&#8243; font_container=&#8220;tag:h2|font_size:30px|text_align:center|color:%2319ace2&#8243; google_fonts=&#8220;font_family:Lato%3A100%2C100italic%2C300%2C300italic%2Cregular%2Citalic%2C700%2C700italic%2C900%2C900italic|font_style:400%20regular%3A400%3Anormal&#8220;][\/vc_column][\/vc_row][vc_row vc_row_background=&#8220;&#8220; el_class=&#8220;article1&#8243;][vc_column][vc_single_image image=&#8220;5101&#8243; img_size=&#8220;full&#8220;][\/vc_column][\/vc_row][vc_row disable_element=&#8220;yes&#8220; vc_row_background=&#8220;&#8220; el_class=&#8220;article&#8220; css=&#8220;.vc_custom_1643105684104{margin-top: 50px !important;}&#8220;][vc_column][vc_column_text] Madame, Monsieur, Chers Amis, Nous avons plaisir \u00e0 vous annoncer l\u2019ouverture du 30e Concours des grands amateurs de piano : [\/vc_column_text][vc_row_inner][vc_column_inner width=&#8220;1\/6&#8243;][vc_column_text] Eliminatoires : [\/vc_column_text][\/vc_column_inner][vc_column_inner [&hellip;]\" \/>\n<meta property=\"og:url\" content=\"https:\/\/www.pianoamateurs.com\/de\/concours-2024\/\" \/>\n<meta property=\"og:site_name\" content=\"Hervorragender Amateur-Pianisten\" \/>\n<meta property=\"article:modified_time\" content=\"2024-11-12T23:14:14+00:00\" \/>\n<meta name=\"twitter:card\" content=\"summary_large_image\" \/>\n<meta name=\"twitter:label1\" content=\"Gesch\u00e4tzte Lesezeit\" \/>\n\t<meta name=\"twitter:data1\" content=\"3\u00a0Minuten\" \/>\n<script type=\"application\/ld+json\" class=\"yoast-schema-graph\">{\"@context\":\"https:\/\/schema.org\",\"@graph\":[{\"@type\":\"WebPage\",\"@id\":\"https:\/\/www.pianoamateurs.com\/de\/concours-2024\/\",\"url\":\"https:\/\/www.pianoamateurs.com\/de\/concours-2024\/\",\"name\":\"Wettbewerb 2025 - Hervorragender Amateur-Pianisten\",\"isPartOf\":{\"@id\":\"https:\/\/www.pianoamateurs.com\/#website\"},\"datePublished\":\"2022-01-25T09:08:15+00:00\",\"dateModified\":\"2024-11-12T23:14:14+00:00\",\"breadcrumb\":{\"@id\":\"https:\/\/www.pianoamateurs.com\/de\/concours-2024\/#breadcrumb\"},\"inLanguage\":\"de\",\"potentialAction\":[{\"@type\":\"ReadAction\",\"target\":[\"https:\/\/www.pianoamateurs.com\/de\/concours-2024\/\"]}]},{\"@type\":\"BreadcrumbList\",\"@id\":\"https:\/\/www.pianoamateurs.com\/de\/concours-2024\/#breadcrumb\",\"itemListElement\":[{\"@type\":\"ListItem\",\"position\":1,\"name\":\"Accueil\",\"item\":\"https:\/\/www.pianoamateurs.com\/de\/\"},{\"@type\":\"ListItem\",\"position\":2,\"name\":\"Wettbewerb 2025\"}]},{\"@type\":\"WebSite\",\"@id\":\"https:\/\/www.pianoamateurs.com\/#website\",\"url\":\"https:\/\/www.pianoamateurs.com\/\",\"name\":\"Hervorragender Amateur-Pianisten\",\"description\":\"Internationaler Wettbewerb hervorragender Amateur-Pianisten\",\"potentialAction\":[{\"@type\":\"SearchAction\",\"target\":{\"@type\":\"EntryPoint\",\"urlTemplate\":\"https:\/\/www.pianoamateurs.com\/?s={search_term_string}\"},\"query-input\":{\"@type\":\"PropertyValueSpecification\",\"valueRequired\":true,\"valueName\":\"search_term_string\"}}],\"inLanguage\":\"de\"}]}<\/script>\n<!-- \/ Yoast SEO plugin. -->","yoast_head_json":{"title":"Wettbewerb 2025 - Hervorragender Amateur-Pianisten","robots":{"index":"index","follow":"follow","max-snippet":"max-snippet:-1","max-image-preview":"max-image-preview:large","max-video-preview":"max-video-preview:-1"},"canonical":"https:\/\/www.pianoamateurs.com\/de\/concours-2024\/","og_locale":"de_DE","og_type":"article","og_title":"Wettbewerb 2025 - Hervorragender Amateur-Pianisten","og_description":"[vc_row full_width=&#8220;stretch_row&#8220; vc_row_background=&#8220;&#8220; el_class=&#8220;titre1&#8243; css=&#8220;.vc_custom_1705653871008{background-image: url(https:\/\/www.pianoamateurs.com\/wp-content\/uploads\/2021\/03\/piano-main4a.jpg?id=3490) !important;background-position: center !important;background-repeat: no-repeat !important;background-size: cover !important;}&#8220;][vc_column css=&#8220;.vc_custom_1643102715452{padding-bottom: 50px !important;}&#8220;][vc_custom_heading text=&#8220;Wettbewerb 2024&#8243; font_container=&#8220;tag:h2|font_size:30px|text_align:center|color:%2319ace2&#8243; google_fonts=&#8220;font_family:Lato%3A100%2C100italic%2C300%2C300italic%2Cregular%2Citalic%2C700%2C700italic%2C900%2C900italic|font_style:400%20regular%3A400%3Anormal&#8220;][\/vc_column][\/vc_row][vc_row vc_row_background=&#8220;&#8220; el_class=&#8220;article1&#8243;][vc_column][vc_single_image image=&#8220;5101&#8243; img_size=&#8220;full&#8220;][\/vc_column][\/vc_row][vc_row disable_element=&#8220;yes&#8220; vc_row_background=&#8220;&#8220; el_class=&#8220;article&#8220; css=&#8220;.vc_custom_1643105684104{margin-top: 50px !important;}&#8220;][vc_column][vc_column_text] Madame, Monsieur, Chers Amis, Nous avons plaisir \u00e0 vous annoncer l\u2019ouverture du 30e Concours des grands amateurs de piano : [\/vc_column_text][vc_row_inner][vc_column_inner width=&#8220;1\/6&#8243;][vc_column_text] Eliminatoires : [\/vc_column_text][\/vc_column_inner][vc_column_inner [&hellip;]","og_url":"https:\/\/www.pianoamateurs.com\/de\/concours-2024\/","og_site_name":"Hervorragender Amateur-Pianisten","article_modified_time":"2024-11-12T23:14:14+00:00","twitter_card":"summary_large_image","twitter_misc":{"Gesch\u00e4tzte Lesezeit":"3\u00a0Minuten"},"schema":{"@context":"https:\/\/schema.org","@graph":[{"@type":"WebPage","@id":"https:\/\/www.pianoamateurs.com\/de\/concours-2024\/","url":"https:\/\/www.pianoamateurs.com\/de\/concours-2024\/","name":"Wettbewerb 2025 - Hervorragender Amateur-Pianisten","isPartOf":{"@id":"https:\/\/www.pianoamateurs.com\/#website"},"datePublished":"2022-01-25T09:08:15+00:00","dateModified":"2024-11-12T23:14:14+00:00","breadcrumb":{"@id":"https:\/\/www.pianoamateurs.com\/de\/concours-2024\/#breadcrumb"},"inLanguage":"de","potentialAction":[{"@type":"ReadAction","target":["https:\/\/www.pianoamateurs.com\/de\/concours-2024\/"]}]},{"@type":"BreadcrumbList","@id":"https:\/\/www.pianoamateurs.com\/de\/concours-2024\/#breadcrumb","itemListElement":[{"@type":"ListItem","position":1,"name":"Accueil","item":"https:\/\/www.pianoamateurs.com\/de\/"},{"@type":"ListItem","position":2,"name":"Wettbewerb 2025"}]},{"@type":"WebSite","@id":"https:\/\/www.pianoamateurs.com\/#website","url":"https:\/\/www.pianoamateurs.com\/","name":"Hervorragender Amateur-Pianisten","description":"Internationaler Wettbewerb hervorragender Amateur-Pianisten","potentialAction":[{"@type":"SearchAction","target":{"@type":"EntryPoint","urlTemplate":"https:\/\/www.pianoamateurs.com\/?s={search_term_string}"},"query-input":{"@type":"PropertyValueSpecification","valueRequired":true,"valueName":"search_term_string"}}],"inLanguage":"de"}]}},"_links":{"self":[{"href":"https:\/\/www.pianoamateurs.com\/de\/wp-json\/wp\/v2\/pages\/3992","targetHints":{"allow":["GET"]}}],"collection":[{"href":"https:\/\/www.pianoamateurs.com\/de\/wp-json\/wp\/v2\/pages"}],"about":[{"href":"https:\/\/www.pianoamateurs.com\/de\/wp-json\/wp\/v2\/types\/page"}],"author":[{"embeddable":true,"href":"https:\/\/www.pianoamateurs.com\/de\/wp-json\/wp\/v2\/users\/1"}],"replies":[{"embeddable":true,"href":"https:\/\/www.pianoamateurs.com\/de\/wp-json\/wp\/v2\/comments?post=3992"}],"version-history":[{"count":7,"href":"https:\/\/www.pianoamateurs.com\/de\/wp-json\/wp\/v2\/pages\/3992\/revisions"}],"predecessor-version":[{"id":5240,"href":"https:\/\/www.pianoamateurs.com\/de\/wp-json\/wp\/v2\/pages\/3992\/revisions\/5240"}],"wp:attachment":[{"href":"https:\/\/www.pianoamateurs.com\/de\/wp-json\/wp\/v2\/media?parent=3992"}],"curies":[{"name":"wp","href":"https:\/\/api.w.org\/{rel}","templated":true}]}}