{"id":1344,"date":"2020-11-30T08:22:12","date_gmt":"2020-11-30T07:22:12","guid":{"rendered":"https:\/\/www.pianoamateurs.com\/home\/"},"modified":"2026-03-13T16:49:57","modified_gmt":"2026-03-13T15:49:57","slug":"home","status":"publish","type":"page","link":"https:\/\/www.pianoamateurs.com\/es\/","title":{"rendered":"Home"},"content":{"rendered":"<div class=\"wpb-content-wrapper\"><p>[vc_section el_class=\u00bbslider2&#8243;][vc_row full_width=\u00bbstretch_row\u00bb equal_height=\u00bbyes\u00bb content_placement=\u00bbmiddle\u00bb vc_row_background=\u00bb\u00bb row_type=\u00bbrow\u00bb use_row_as_full_screen_section=\u00bbno\u00bb type=\u00bbfull_width\u00bb angled_section=\u00bbno\u00bb text_align=\u00bbleft\u00bb background_image_as_pattern=\u00bbwithout_pattern\u00bb css=\u00bb.vc_custom_1675244279950{background-color: #0a0a0a !important;background-position: center !important;background-repeat: no-repeat !important;background-size: cover !important;}\u00bb el_class=\u00bbslider1&#8243;][vc_column width=\u00bb1\/2&#8243; el_class=\u00bbintro\u00bb][vc_custom_heading text=\u00bbDel 3 al 7 de marzo de 2027&#8243; font_container=\u00bbtag:p|font_size:18px|text_align:center|color:%23ffffff|line_height:20px\u00bb google_fonts=\u00bbfont_family:Lato%3A100%2C100italic%2C300%2C300italic%2Cregular%2Citalic%2C700%2C700italic%2C900%2C900italic|font_style:400%20regular%3A400%3Anormal\u00bb css=\u00bb\u00bb][vc_custom_heading text=\u00bb34\u00b0 Concurso Internacional<br \/>\nde los Grandes Aficionados de Piano\u00bb font_container=\u00bbtag:h2|font_size:27px|text_align:center|color:%2359b9f1|line_height:34px\u00bb google_fonts=\u00bbfont_family:Lato%3A100%2C100italic%2C300%2C300italic%2Cregular%2Citalic%2C700%2C700italic%2C900%2C900italic|font_style:400%20regular%3A400%3Anormal\u00bb css=\u00bb.vc_custom_1773416993580{margin-top: 30px !important;}\u00bb][vc_btn title=\u00bbInscripci\u00f3n\u00bb align=\u00bbcenter\u00bb css=\u00bb\u00bb link=\u00bburl:https%3A%2F%2Fwww.pianoamateurs.com%2Fes%2Finscription%2F\u00bb][\/vc_column][vc_column width=\u00bb1\/2&#8243; css=\u00bb.vc_custom_1611748441060{background-position: center !important;background-repeat: no-repeat !important;background-size: cover !important;}\u00bb][\/vc_column][\/vc_row][vc_row equal_height=\u00bbyes\u00bb content_placement=\u00bbmiddle\u00bb vc_row_background=\u00bb\u00bb row_type=\u00bbrow\u00bb use_row_as_full_screen_section=\u00bbno\u00bb type=\u00bbgrid\u00bb angled_section=\u00bbno\u00bb text_align=\u00bbleft\u00bb background_image_as_pattern=\u00bbwithout_pattern\u00bb z_index=\u00bb\u00bb css=\u00bb.vc_custom_1613776731436{margin-top: 30px !important;background-color: #ffffff !important;border-radius: 1px !important;}\u00bb el_class=\u00bbintro1&#8243;][vc_column width=\u00bb2\/5&#8243; sticky_sidebar=\u00bbyes\u00bb css=\u00bb.vc_custom_1675205942624{background-position: center !important;background-repeat: no-repeat !important;background-size: cover !important;}\u00bb el_class=\u00bbportrait\u00bb][vc_single_image image=\u00bb4642&#8243; img_size=\u00bbfull\u00bb][\/vc_column][vc_column width=\u00bb3\/5&#8243; css=\u00bb.vc_custom_1611772401873{padding-top: 20px !important;padding-right: 30px !important;padding-bottom: 20px !important;padding-left: 30px !important;}\u00bb][vc_text_separator title=\u00bbUnas palabras del Presidente\u00bb title_align=\u00bbseparator_align_left\u00bb color=\u00bbcustom\u00bb accent_color=\u00bb#5aacf4&#8243; border=\u00bbno\u00bb el_class=\u00bbtitre\u00bb][vc_custom_heading text=\u00bbEstimados Candidatos:<br \/>\nEs una gran alegr\u00eda recibirlos hoy en el Concurso de los Grandes Aficionados de Piano. Durantemuchos meses, durante a\u00f1os han estado trabajando para venir a tocar unos pocos minutos en Par\u00eds. No cabe duda de que procurar\u00e1n dar lo mejor de ustedes mismos, pero, antes que nada, sean ustedes mismos.<br \/>\nAqu\u00ed, el deseo de \u00abganar\u00bb pasa a segundo plano y prevalece el amor por la m\u00fasica. El Concurso de los Grandes Aficionados es, ante todo, un \u00ab anticoncurso\u00bb: no encontrar\u00e1n adversarios ni contrincantes,ni siquiera jueces; encontrar\u00e1n, s\u00ed, amigos de la m\u00fasica.<\/p>\n<p>Vivan plenamente este momento inolvidable y, todos juntos, disfrutaremos comparti\u00e9ndolo. \u00a1Buena suerte para todos!\u00bb font_container=\u00bbtag:h2|font_size:15px|text_align:justify|color:%230c0c0c|line_height:24px\u00bb google_fonts=\u00bbfont_family:Roboto%3A100%2C100italic%2C300%2C300italic%2Cregular%2Citalic%2C500%2C500italic%2C700%2C700italic%2C900%2C900italic|font_style:400%20regular%3A400%3Anormal\u00bb][vc_column_text css=\u00bb.vc_custom_1611772409736{margin-top: 30px !important;}\u00bb]<img loading=\"lazy\" decoding=\"async\" class=\"wp-image-3818 alignleft\" src=\"https:\/\/www.pianoamateurs.com\/wp-content\/uploads\/2020\/11\/Signature-GB-1.png\" alt=\"\" width=\"158\" height=\"43\" \/>[\/vc_column_text][\/vc_column][\/vc_row][\/vc_section]<\/p>\n<\/div>","protected":false},"excerpt":{"rendered":"<p>[vc_section el_class=\u00bbslider2&#8243;][vc_row full_width=\u00bbstretch_row\u00bb equal_height=\u00bbyes\u00bb content_placement=\u00bbmiddle\u00bb vc_row_background=\u00bb\u00bb row_type=\u00bbrow\u00bb use_row_as_full_screen_section=\u00bbno\u00bb type=\u00bbfull_width\u00bb angled_section=\u00bbno\u00bb text_align=\u00bbleft\u00bb background_image_as_pattern=\u00bbwithout_pattern\u00bb css=\u00bb.vc_custom_1675244279950{background-color: #0a0a0a !important;background-position: center !important;background-repeat: no-repeat !important;background-size: cover !important;}\u00bb el_class=\u00bbslider1&#8243;][vc_column width=\u00bb1\/2&#8243; el_class=\u00bbintro\u00bb][vc_custom_heading text=\u00bbDel 3 al 7 de marzo de 2027&#8243; font_container=\u00bbtag:p|font_size:18px|text_align:center|color:%23ffffff|line_height:20px\u00bb google_fonts=\u00bbfont_family:Lato%3A100%2C100italic%2C300%2C300italic%2Cregular%2Citalic%2C700%2C700italic%2C900%2C900italic|font_style:400%20regular%3A400%3Anormal\u00bb css=\u00bb\u00bb][vc_custom_heading text=\u00bb34\u00b0 Concurso Internacional de los Grandes Aficionados de Piano\u00bb font_container=\u00bbtag:h2|font_size:27px|text_align:center|color:%2359b9f1|line_height:34px\u00bb google_fonts=\u00bbfont_family:Lato%3A100%2C100italic%2C300%2C300italic%2Cregular%2Citalic%2C700%2C700italic%2C900%2C900italic|font_style:400%20regular%3A400%3Anormal\u00bb css=\u00bb.vc_custom_1773416993580{margin-top: 30px !important;}\u00bb][vc_btn title=\u00bbInscripci\u00f3n\u00bb align=\u00bbcenter\u00bb css=\u00bb\u00bb link=\u00bburl:https%3A%2F%2Fwww.pianoamateurs.com%2Fes%2Finscription%2F\u00bb][\/vc_column][vc_column width=\u00bb1\/2&#8243; css=\u00bb.vc_custom_1611748441060{background-position: [&hellip;]<\/p>\n","protected":false},"author":1,"featured_media":0,"parent":0,"menu_order":0,"comment_status":"closed","ping_status":"closed","template":"","meta":{"footnotes":""},"class_list":["post-1344","page","type-page","status-publish","hentry"],"yoast_head":"<!-- This site is optimized with the Yoast SEO plugin v27.2 - https:\/\/yoast.com\/product\/yoast-seo-wordpress\/ -->\n<title>Concurso Internacional de los Grandes Aficionados de Piano - Piano Amateurs<\/title>\n<meta name=\"robots\" content=\"index, follow, max-snippet:-1, max-image-preview:large, max-video-preview:-1\" \/>\n<link rel=\"canonical\" href=\"https:\/\/www.pianoamateurs.com\/es\/\" \/>\n<meta property=\"og:locale\" content=\"es_ES\" \/>\n<meta property=\"og:type\" content=\"article\" \/>\n<meta property=\"og:title\" content=\"Concurso Internacional de los Grandes Aficionados de Piano - Piano Amateurs\" \/>\n<meta property=\"og:description\" content=\"[vc_section el_class=\u00bbslider2&#8243;][vc_row full_width=\u00bbstretch_row\u00bb equal_height=\u00bbyes\u00bb content_placement=\u00bbmiddle\u00bb vc_row_background=\u00bb\u00bb row_type=\u00bbrow\u00bb use_row_as_full_screen_section=\u00bbno\u00bb type=\u00bbfull_width\u00bb angled_section=\u00bbno\u00bb text_align=\u00bbleft\u00bb background_image_as_pattern=\u00bbwithout_pattern\u00bb css=\u00bb.vc_custom_1675244279950{background-color: #0a0a0a !important;background-position: center !important;background-repeat: no-repeat !important;background-size: cover !important;}\u00bb el_class=\u00bbslider1&#8243;][vc_column width=\u00bb1\/2&#8243; el_class=\u00bbintro\u00bb][vc_custom_heading text=\u00bbDel 3 al 7 de marzo de 2027&#8243; font_container=\u00bbtag:p|font_size:18px|text_align:center|color:%23ffffff|line_height:20px\u00bb google_fonts=\u00bbfont_family:Lato%3A100%2C100italic%2C300%2C300italic%2Cregular%2Citalic%2C700%2C700italic%2C900%2C900italic|font_style:400%20regular%3A400%3Anormal\u00bb css=\u00bb\u00bb][vc_custom_heading text=\u00bb34\u00b0 Concurso Internacional de los Grandes Aficionados de Piano\u00bb font_container=\u00bbtag:h2|font_size:27px|text_align:center|color:%2359b9f1|line_height:34px\u00bb google_fonts=\u00bbfont_family:Lato%3A100%2C100italic%2C300%2C300italic%2Cregular%2Citalic%2C700%2C700italic%2C900%2C900italic|font_style:400%20regular%3A400%3Anormal\u00bb css=\u00bb.vc_custom_1773416993580{margin-top: 30px !important;}\u00bb][vc_btn title=\u00bbInscripci\u00f3n\u00bb align=\u00bbcenter\u00bb css=\u00bb\u00bb link=\u00bburl:https%3A%2F%2Fwww.pianoamateurs.com%2Fes%2Finscription%2F\u00bb][\/vc_column][vc_column width=\u00bb1\/2&#8243; css=\u00bb.vc_custom_1611748441060{background-position: [&hellip;]\" \/>\n<meta property=\"og:url\" content=\"https:\/\/www.pianoamateurs.com\/es\/\" \/>\n<meta property=\"og:site_name\" content=\"Los Grandes Aficionados de Piano\" \/>\n<meta property=\"article:modified_time\" content=\"2026-03-13T15:49:57+00:00\" \/>\n<meta property=\"og:image\" content=\"https:\/\/www.pianoamateurs.com\/wp-content\/uploads\/2020\/11\/Signature-GB-1.png\" \/>\n<meta name=\"twitter:card\" content=\"summary_large_image\" \/>\n<meta name=\"twitter:label1\" content=\"Tiempo de lectura\" \/>\n\t<meta name=\"twitter:data1\" content=\"2 minutos\" \/>\n<script type=\"application\/ld+json\" class=\"yoast-schema-graph\">{\"@context\":\"https:\/\/schema.org\",\"@graph\":[{\"@type\":\"WebPage\",\"@id\":\"https:\/\/www.pianoamateurs.com\/es\/\",\"url\":\"https:\/\/www.pianoamateurs.com\/es\/\",\"name\":\"Concurso Internacional de los Grandes Aficionados de Piano - Piano Amateurs\",\"isPartOf\":{\"@id\":\"https:\/\/www.pianoamateurs.com\/#website\"},\"primaryImageOfPage\":{\"@id\":\"https:\/\/www.pianoamateurs.com\/es\/#primaryimage\"},\"image\":{\"@id\":\"https:\/\/www.pianoamateurs.com\/es\/#primaryimage\"},\"thumbnailUrl\":\"https:\/\/www.pianoamateurs.com\/wp-content\/uploads\/2020\/11\/Signature-GB-1.png\",\"datePublished\":\"2020-11-30T07:22:12+00:00\",\"dateModified\":\"2026-03-13T15:49:57+00:00\",\"breadcrumb\":{\"@id\":\"https:\/\/www.pianoamateurs.com\/es\/#breadcrumb\"},\"inLanguage\":\"es\",\"potentialAction\":[{\"@type\":\"ReadAction\",\"target\":[\"https:\/\/www.pianoamateurs.com\/es\/\"]}]},{\"@type\":\"ImageObject\",\"inLanguage\":\"es\",\"@id\":\"https:\/\/www.pianoamateurs.com\/es\/#primaryimage\",\"url\":\"https:\/\/www.pianoamateurs.com\/wp-content\/uploads\/2020\/11\/Signature-GB-1.png\",\"contentUrl\":\"https:\/\/www.pianoamateurs.com\/wp-content\/uploads\/2020\/11\/Signature-GB-1.png\"},{\"@type\":\"BreadcrumbList\",\"@id\":\"https:\/\/www.pianoamateurs.com\/es\/#breadcrumb\",\"itemListElement\":[{\"@type\":\"ListItem\",\"position\":1,\"name\":\"Accueil\",\"item\":\"https:\/\/www.pianoamateurs.com\/es\/\"},{\"@type\":\"ListItem\",\"position\":2,\"name\":\"Home\"}]},{\"@type\":\"WebSite\",\"@id\":\"https:\/\/www.pianoamateurs.com\/#website\",\"url\":\"https:\/\/www.pianoamateurs.com\/\",\"name\":\"Los Grandes Aficionados de Piano\",\"description\":\"Concurso Internacional de los Grandes Aficionados de Piano\",\"potentialAction\":[{\"@type\":\"SearchAction\",\"target\":{\"@type\":\"EntryPoint\",\"urlTemplate\":\"https:\/\/www.pianoamateurs.com\/?s={search_term_string}\"},\"query-input\":{\"@type\":\"PropertyValueSpecification\",\"valueRequired\":true,\"valueName\":\"search_term_string\"}}],\"inLanguage\":\"es\"}]}<\/script>\n<!-- \/ Yoast SEO plugin. -->","yoast_head_json":{"title":"Concurso Internacional de los Grandes Aficionados de Piano - Piano Amateurs","robots":{"index":"index","follow":"follow","max-snippet":"max-snippet:-1","max-image-preview":"max-image-preview:large","max-video-preview":"max-video-preview:-1"},"canonical":"https:\/\/www.pianoamateurs.com\/es\/","og_locale":"es_ES","og_type":"article","og_title":"Concurso Internacional de los Grandes Aficionados de Piano - Piano Amateurs","og_description":"[vc_section el_class=\u00bbslider2&#8243;][vc_row full_width=\u00bbstretch_row\u00bb equal_height=\u00bbyes\u00bb content_placement=\u00bbmiddle\u00bb vc_row_background=\u00bb\u00bb row_type=\u00bbrow\u00bb use_row_as_full_screen_section=\u00bbno\u00bb type=\u00bbfull_width\u00bb angled_section=\u00bbno\u00bb text_align=\u00bbleft\u00bb background_image_as_pattern=\u00bbwithout_pattern\u00bb css=\u00bb.vc_custom_1675244279950{background-color: #0a0a0a !important;background-position: center !important;background-repeat: no-repeat !important;background-size: cover !important;}\u00bb el_class=\u00bbslider1&#8243;][vc_column width=\u00bb1\/2&#8243; el_class=\u00bbintro\u00bb][vc_custom_heading text=\u00bbDel 3 al 7 de marzo de 2027&#8243; font_container=\u00bbtag:p|font_size:18px|text_align:center|color:%23ffffff|line_height:20px\u00bb google_fonts=\u00bbfont_family:Lato%3A100%2C100italic%2C300%2C300italic%2Cregular%2Citalic%2C700%2C700italic%2C900%2C900italic|font_style:400%20regular%3A400%3Anormal\u00bb css=\u00bb\u00bb][vc_custom_heading text=\u00bb34\u00b0 Concurso Internacional de los Grandes Aficionados de Piano\u00bb font_container=\u00bbtag:h2|font_size:27px|text_align:center|color:%2359b9f1|line_height:34px\u00bb google_fonts=\u00bbfont_family:Lato%3A100%2C100italic%2C300%2C300italic%2Cregular%2Citalic%2C700%2C700italic%2C900%2C900italic|font_style:400%20regular%3A400%3Anormal\u00bb css=\u00bb.vc_custom_1773416993580{margin-top: 30px !important;}\u00bb][vc_btn title=\u00bbInscripci\u00f3n\u00bb align=\u00bbcenter\u00bb css=\u00bb\u00bb link=\u00bburl:https%3A%2F%2Fwww.pianoamateurs.com%2Fes%2Finscription%2F\u00bb][\/vc_column][vc_column width=\u00bb1\/2&#8243; css=\u00bb.vc_custom_1611748441060{background-position: [&hellip;]","og_url":"https:\/\/www.pianoamateurs.com\/es\/","og_site_name":"Los Grandes Aficionados de Piano","article_modified_time":"2026-03-13T15:49:57+00:00","og_image":[{"url":"https:\/\/www.pianoamateurs.com\/wp-content\/uploads\/2020\/11\/Signature-GB-1.png","type":"","width":"","height":""}],"twitter_card":"summary_large_image","twitter_misc":{"Tiempo de lectura":"2 minutos"},"schema":{"@context":"https:\/\/schema.org","@graph":[{"@type":"WebPage","@id":"https:\/\/www.pianoamateurs.com\/es\/","url":"https:\/\/www.pianoamateurs.com\/es\/","name":"Concurso Internacional de los Grandes Aficionados de Piano - Piano Amateurs","isPartOf":{"@id":"https:\/\/www.pianoamateurs.com\/#website"},"primaryImageOfPage":{"@id":"https:\/\/www.pianoamateurs.com\/es\/#primaryimage"},"image":{"@id":"https:\/\/www.pianoamateurs.com\/es\/#primaryimage"},"thumbnailUrl":"https:\/\/www.pianoamateurs.com\/wp-content\/uploads\/2020\/11\/Signature-GB-1.png","datePublished":"2020-11-30T07:22:12+00:00","dateModified":"2026-03-13T15:49:57+00:00","breadcrumb":{"@id":"https:\/\/www.pianoamateurs.com\/es\/#breadcrumb"},"inLanguage":"es","potentialAction":[{"@type":"ReadAction","target":["https:\/\/www.pianoamateurs.com\/es\/"]}]},{"@type":"ImageObject","inLanguage":"es","@id":"https:\/\/www.pianoamateurs.com\/es\/#primaryimage","url":"https:\/\/www.pianoamateurs.com\/wp-content\/uploads\/2020\/11\/Signature-GB-1.png","contentUrl":"https:\/\/www.pianoamateurs.com\/wp-content\/uploads\/2020\/11\/Signature-GB-1.png"},{"@type":"BreadcrumbList","@id":"https:\/\/www.pianoamateurs.com\/es\/#breadcrumb","itemListElement":[{"@type":"ListItem","position":1,"name":"Accueil","item":"https:\/\/www.pianoamateurs.com\/es\/"},{"@type":"ListItem","position":2,"name":"Home"}]},{"@type":"WebSite","@id":"https:\/\/www.pianoamateurs.com\/#website","url":"https:\/\/www.pianoamateurs.com\/","name":"Los Grandes Aficionados de Piano","description":"Concurso Internacional de los Grandes Aficionados de Piano","potentialAction":[{"@type":"SearchAction","target":{"@type":"EntryPoint","urlTemplate":"https:\/\/www.pianoamateurs.com\/?s={search_term_string}"},"query-input":{"@type":"PropertyValueSpecification","valueRequired":true,"valueName":"search_term_string"}}],"inLanguage":"es"}]}},"_links":{"self":[{"href":"https:\/\/www.pianoamateurs.com\/es\/wp-json\/wp\/v2\/pages\/1344","targetHints":{"allow":["GET"]}}],"collection":[{"href":"https:\/\/www.pianoamateurs.com\/es\/wp-json\/wp\/v2\/pages"}],"about":[{"href":"https:\/\/www.pianoamateurs.com\/es\/wp-json\/wp\/v2\/types\/page"}],"author":[{"embeddable":true,"href":"https:\/\/www.pianoamateurs.com\/es\/wp-json\/wp\/v2\/users\/1"}],"replies":[{"embeddable":true,"href":"https:\/\/www.pianoamateurs.com\/es\/wp-json\/wp\/v2\/comments?post=1344"}],"version-history":[{"count":14,"href":"https:\/\/www.pianoamateurs.com\/es\/wp-json\/wp\/v2\/pages\/1344\/revisions"}],"predecessor-version":[{"id":5745,"href":"https:\/\/www.pianoamateurs.com\/es\/wp-json\/wp\/v2\/pages\/1344\/revisions\/5745"}],"wp:attachment":[{"href":"https:\/\/www.pianoamateurs.com\/es\/wp-json\/wp\/v2\/media?parent=1344"}],"curies":[{"name":"wp","href":"https:\/\/api.w.org\/{rel}","templated":true}]}}