{"id":1365,"date":"2021-01-03T18:04:27","date_gmt":"2021-01-03T17:04:27","guid":{"rendered":"https:\/\/www.pianoamateurs.com\/historique\/"},"modified":"2025-02-09T01:37:25","modified_gmt":"2025-02-09T00:37:25","slug":"historique","status":"publish","type":"page","link":"https:\/\/www.pianoamateurs.com\/es\/historique\/","title":{"rendered":"Historial"},"content":{"rendered":"<div class=\"wpb-content-wrapper\"><p>[vc_row full_width=\u00bbstretch_row\u00bb vc_row_background=\u00bb\u00bb el_class=\u00bbtitre1&#8243; css=\u00bb.vc_custom_1739061402944{background-image: url(https:\/\/www.pianoamateurs.com\/wp-content\/uploads\/2021\/03\/piano-main4a.jpg?id=3497) !important;background-position: center !important;background-repeat: no-repeat !important;background-size: cover !important;}\u00bb][vc_column][vc_custom_heading text=\u00bbHistorial\u00bb font_container=\u00bbtag:h2|font_size:30px|text_align:center|color:%2319ace2&#8243; google_fonts=\u00bbfont_family:Lato%3A100%2C100italic%2C300%2C300italic%2Cregular%2Citalic%2C700%2C700italic%2C900%2C900italic|font_style:400%20regular%3A400%3Anormal\u00bb][vc_custom_heading text=\u00bbHistoria del Concurso de los Grandes Aficionados de Piano\u00bb font_container=\u00bbtag:h2|font_size:27px|text_align:center|color:%23ffffff\u00bb google_fonts=\u00bbfont_family:Lato%3A100%2C100italic%2C300%2C300italic%2Cregular%2Citalic%2C700%2C700italic%2C900%2C900italic|font_style:400%20regular%3A400%3Anormal\u00bb][\/vc_column][\/vc_row][vc_row vc_row_background=\u00bb\u00bb css=\u00bb.vc_custom_1609717644862{padding-top: 10px !important;padding-right: 20px !important;padding-bottom: 50px !important;padding-left: 20px !important;background-color: #ffffff !important;}\u00bb el_class=\u00bbarticle\u00bb][vc_column][vc_column_text css=\u00bb.vc_custom_1739061427397{margin-top: 50px !important;}\u00bb]<span class=\"majuscule\">T<\/span>enemos hoy much\u00edsimo gusto en presentar el Concurso Internacional de los Grandes Aficionados de Piano. Concurso Internacional, en efecto, ya que desde su creaci\u00f3n, en 1989, del mundo entero han acudido alrededor de mil candidatos. Cuando se ejerce una profesi\u00f3n, cuando se es m\u00e9dico, abogado o empleado, cuando se atraviesa un continente, partiendo de California, el Per\u00fa o Azerbaiy\u00e1n, para venir a tocar algunos instantes en Par\u00eds, \u00bfqu\u00e9 mueve realmente a los candidatos? Sin duda alguna, el anhelo de formar parte \u2013mancomunados y en un mismo idioma\u2013 de algo \u00fanico y singular en el panorama musical internacional.<\/p>\n<p>Y esto es as\u00ed porque, a decir verdad, el Concurso de los Grandes Aficionados es un \u00abanticoncurso\u00bb. No hay aqu\u00ed lugar para la competencia, apenas si lo hay para la competici\u00f3n y menos a\u00fan para la rivalidad. En m\u00fasica, como en todas las artes, la noci\u00f3n de \u00abmejor\u00bb tal vez tenga sentido mientras dure un concurso, pero no mucho m\u00e1s all\u00e1. Si un candidato llega a tener un \u00abadversario\u00bb, el \u00fanico, probablemente, sea \u00e9l mismo&#8230;<\/p>\n<h2>El Concurso de los Grandes Aficionados: un anticoncurso<\/h2>\n<p>CNunca hemos dejado de desarrollar esta idea, no s\u00f3lo entre los candidatos, sino entre candidatos y jurado: desde el comienzo, el \u00abjuntos\u00bb prim\u00f3 sobre el \u00abfrente a frente\u00bb. Incluso durante las pruebas, el Concurso hizo todo lo posible para que se multiplicasen los contactos entre jurado, prensa y candidatos. A quienes buscaban un consejo a veces se les lleg\u00f3 a sugerir que consultaran al jurado, a los pianistas o los artistas, con el \u00fanico prop\u00f3sito de dar lo mejor de s\u00ed en el transcurso de las pruebas o el d\u00eda de la final. Nos viene a la memoria aquel ganador del Concurso que Georgy Cziffra acogi\u00f3 en Senlis, dos o tres d\u00edas antes de la prueba final, para \u00abdar el \u00faltimo toque\u00bb a la Sonata de Liszt; recordamos tambi\u00e9n a aquel m\u00e9dico alem\u00e1n que recibi\u00f3 esclarecedores consejos de \u00faltimo momento. En cualquier otra circunstancia, se habr\u00eda denunciado la existencia de favoritismo; en \u00e9sta, el bien de unos contribu\u00eda al placer de todos.<\/p>\n<p>Para que se comprendiese esta filosof\u00eda era necesario el respaldo de un jurado de reconocida trayectoria, justo y probo. Puedo asegurar que siempre fue as\u00ed. Siempre cre\u00ed en la capacidad y la integridad de los miembros del jurado designado. Como dec\u00eda un tal Eug\u00e8ne Delacroix, en 1831*, se trata de \u00abencontrar jueces, jueces libres de pasiones y prejuicios, que de ning\u00fan modo favorezcan a sus amigos en detrimento de los dem\u00e1s y que breguen \u00fanicamente por la justicia y en beneficio del arte.\u00bb<\/p>\n<p>Uno de los miembros m\u00e1s fieles del Concurso fue, indiscutiblemente, la Se\u00f1ora de Rubinstein, quien supo de nuestro evento desde el momento mismo de su creaci\u00f3n, lo alent\u00f3 con fervor y se convirti\u00f3 en una consecuente integrante del jurado. Tambi\u00e9n fue permanente su entusiasta presencia a nuestro lado. \u00ab\u00a1A Arthur le hubiera gustado tanto!\u00bb, me confi\u00f3 un d\u00eda.<\/p>\n<p>Hasta tal punto el Concurso de los Grandes Aficionados logr\u00f3 promover el esp\u00edritu de armon\u00eda y buen humor, la atm\u00f3sfera de \u00abcomuni\u00f3n\u00bb generalizada, que un a\u00f1o llegamos a proponer que las deliberaciones fuesen p\u00fablicas. Algunos miembros del jurado se opusieron \u2013seguramente, desde su punto de vista, ten\u00edan raz\u00f3n\u2013. Uno puede ser justo sin por eso dejar de ser reservado. Desde luego, tanto durante el Concurso como despu\u00e9s de finalizado se forjaron lazos de amistad. La mayor parte de aquellos v\u00ednculos siguen afianz\u00e1ndose, lo que es a\u00fan m\u00e1s encomiable si se tiene en cuenta que, en determinado momento, algunos de los candidatos pretendieron llegar a ser el n\u00famero uno, el mejor, o a encontrarse entre los mejores. Agregar\u00eda yo que cuando se ejerce una profesi\u00f3n, los conocimientos, sumados a la experiencia, terminan por acumularse. Un artista, en cambio, suele quedar librado a un sempiterno interrogante: la p\u00e9rdida constante de la t\u00e9cnica, de la propia capacidad y hasta del propio saber, como si se tratase de un fluir que se agota con el tiempo. Para un artista, una obra trabajada un a\u00f1o atr\u00e1s ya est\u00e1 olvidada; pero un m\u00e9dico \u2013es al menos de esperar\u2013 no habr\u00e1 perdido nada de su arte ayer aprendido.<\/p>\n<h2>Un jurado de renombrados pianistas<\/h2>\n<p>Numerosos han sido los pianistas que espont\u00e1neamente aceptaron formar parte del jurado. \u00a1Qu\u00e9 lista espl\u00e9ndida! Entre el voto del jurado, el voto del p\u00fablico y el voto de la prensa, la unanimidad siempre fue la regla; el desacuerdo, la excepci\u00f3n. Para el Concurso es renovada causa de orgullo acoger a un jurado de pianistas que sobrados motivos tendr\u00edan para estar ausentes el d\u00eda que solicitamos su presencia, absorbidos por sus giras y conciertos, ocupados con sus alumnos o, simplemente, disfrutando del descanso dominical. No obstante, cuando los invitamos, todos respondieron presente, y con frecuencia se tornaron fieles miembros del jurado \u2013\u00a1prueba de que no forzosamente le temen a la m\u00fasica!\u2013. Pienso en artistas como Lafor\u00eat, Duch\u00e2ble, Beroff, Biret, Queffelec, Boukov, Weissenberg y Ciccolini o en profesores insignes del Conservatoire national sup\u00e9rieur de musique como Sabine Lacoarret y Germaine Dev\u00e8ze.<\/p>\n<h2>El jurado de la prensa: cuarenta cr\u00edticos musicales del mundo entero<\/h2>\n<p>La prensa, tan pronta en el arte de la cr\u00edtica, ha apoyado activamente nuestro evento en el mundo entero. Pese a su habitual virulencia para con los profesionales, en todo momento fue indulgente al referirse a los grandes aficionados. Unos trescientos ochenta art\u00edculos de prensa (quiz\u00e1 m\u00e1s, si tuvi\u00e9ramos conocimiento) han encomiado el Concurso, as\u00ed como sus peculiares caracter\u00edsticas, sin precedentes. Dos art\u00edculos, que ya han quedado en el olvido, presentaron una nota discordante. Los primer\u00edsimos art\u00edculos publicados en Le R\u00e9publicain Lorrain, Les Derni\u00e8res Nouvelles d&#8217;Alsace y Ouest-France nos produjeron tanto agrado como las rese\u00f1as m\u00e1s recientes publicadas en los principales exponentes de la prensa estadounidense, alemana y japonesa. Gracias a sus autores, el Concurso goza hoy de una verdadera repercusi\u00f3n internacional y, por encima de todo, tiene la gran satisfacci\u00f3n de poder recibir, a\u00f1o tras a\u00f1o, a candidatos de todo el mundo.<\/p>\n<h2>Dinero y mecenazgo<\/h2>\n<p>No hubiera sido posible promover el Concurso de los Grandes Aficionados sin el respaldo de colaboradores asociados como Radio France o, en la actualidad, Radio Classique y France 2 (no pocas horas de emisi\u00f3n le habr\u00e1 dedicado al Concurso la periodista musical Eve Ruggieri, quien habr\u00e1 de presentarlo en repetidas ocasiones). Tampoco se hubiera podido cristalizar sin los mecenas de la comunidad financiera. Gracias a la ayuda de unos y otros pudimos realizar la velada de los Grandes Aficionados, durante la cual los ganadores tocaron con orquesta bajo la batuta de Georges Pr\u00eatre y del director norteamericano George Pehlivanian en la Sorbona.<\/p>\n<p>Asimismo, la Orquesta Sinf\u00f3nica de la Guardia Republicana francesa, que dirige el maestro Fran\u00e7ois Boulanger, invita peri\u00f3dicamente a los ganadores. El Ministerio de Cultura de Francia es, por su parte, un padrino fiel del Concurso. Todos los a\u00f1os le otorga una subvenci\u00f3n, \u00absimb\u00f3lica\u00bb, por cierto, aunque cabe recordar que, hoy por hoy, en materia de finanzas p\u00fablicas, es bien dif\u00edcil arbitrar presupuestos\u2026 La pr\u00f3xima final se celebrar\u00e1 el\u00a0<span class=\"gras\">sabado 23 de marzo de 2019 a las 17:00<\/span>, con el activo apoyo de OFI Invest. Jurado, prensa y mecenas son el indispensable nervio del Concurso de los Grandes Aficionados; los candidatos, su alma. Nuestro movimiento re\u00fane hoy d\u00eda a unos 20.000 amigos y fieles seguidores en cincuenta pa\u00edses, p\u00fablico suficiente para atiborrar el Th\u00e9\u00e2tre des Champs-Elys\u00e9es o el Carnegie Hall\u2026 Modestamente, nos proponemos continuar con la misma perspectiva, para bien de todos y de cada uno y, si es posible, para bien de la m\u00fasica.<\/p>\n<p>*<span class=\"italique\">\u00a0Carta sobre los concursos.<\/span><\/p>\n<p id=\"signature\"><strong>G\u00e9rard Bekerman<\/strong><\/p>\n<p>[\/vc_column_text][vc_single_image image=\u00bb5327&#8243; img_size=\u00bbfull\u00bb alignment=\u00bbcenter\u00bb css=\u00bb\u00bb][\/vc_column][\/vc_row]<\/p>\n<\/div>","protected":false},"excerpt":{"rendered":"<p>[vc_row full_width=\u00bbstretch_row\u00bb vc_row_background=\u00bb\u00bb el_class=\u00bbtitre1&#8243; css=\u00bb.vc_custom_1739061402944{background-image: url(https:\/\/www.pianoamateurs.com\/wp-content\/uploads\/2021\/03\/piano-main4a.jpg?id=3497) !important;background-position: center !important;background-repeat: no-repeat !important;background-size: cover !important;}\u00bb][vc_column][vc_custom_heading text=\u00bbHistorial\u00bb font_container=\u00bbtag:h2|font_size:30px|text_align:center|color:%2319ace2&#8243; google_fonts=\u00bbfont_family:Lato%3A100%2C100italic%2C300%2C300italic%2Cregular%2Citalic%2C700%2C700italic%2C900%2C900italic|font_style:400%20regular%3A400%3Anormal\u00bb][vc_custom_heading text=\u00bbHistoria del Concurso de los Grandes Aficionados de Piano\u00bb font_container=\u00bbtag:h2|font_size:27px|text_align:center|color:%23ffffff\u00bb google_fonts=\u00bbfont_family:Lato%3A100%2C100italic%2C300%2C300italic%2Cregular%2Citalic%2C700%2C700italic%2C900%2C900italic|font_style:400%20regular%3A400%3Anormal\u00bb][\/vc_column][\/vc_row][vc_row vc_row_background=\u00bb\u00bb css=\u00bb.vc_custom_1609717644862{padding-top: 10px !important;padding-right: 20px !important;padding-bottom: 50px !important;padding-left: 20px !important;background-color: #ffffff !important;}\u00bb el_class=\u00bbarticle\u00bb][vc_column][vc_column_text css=\u00bb.vc_custom_1739061427397{margin-top: 50px !important;}\u00bb]Tenemos hoy much\u00edsimo gusto en presentar el Concurso Internacional de los Grandes Aficionados [&hellip;]<\/p>\n","protected":false},"author":1,"featured_media":0,"parent":0,"menu_order":0,"comment_status":"closed","ping_status":"closed","template":"","meta":{"footnotes":""},"class_list":["post-1365","page","type-page","status-publish","hentry"],"yoast_head":"<!-- This site is optimized with the Yoast SEO plugin v27.2 - https:\/\/yoast.com\/product\/yoast-seo-wordpress\/ -->\n<title>Historial - Los Grandes Aficionados de Piano<\/title>\n<meta name=\"robots\" content=\"index, follow, max-snippet:-1, max-image-preview:large, max-video-preview:-1\" \/>\n<link rel=\"canonical\" href=\"https:\/\/www.pianoamateurs.com\/es\/historique\/\" \/>\n<meta property=\"og:locale\" content=\"es_ES\" \/>\n<meta property=\"og:type\" content=\"article\" \/>\n<meta property=\"og:title\" content=\"Historial - Los Grandes Aficionados de Piano\" \/>\n<meta property=\"og:description\" content=\"[vc_row full_width=\u00bbstretch_row\u00bb vc_row_background=\u00bb\u00bb el_class=\u00bbtitre1&#8243; css=\u00bb.vc_custom_1739061402944{background-image: url(https:\/\/www.pianoamateurs.com\/wp-content\/uploads\/2021\/03\/piano-main4a.jpg?id=3497) !important;background-position: center !important;background-repeat: no-repeat !important;background-size: cover !important;}\u00bb][vc_column][vc_custom_heading text=\u00bbHistorial\u00bb font_container=\u00bbtag:h2|font_size:30px|text_align:center|color:%2319ace2&#8243; google_fonts=\u00bbfont_family:Lato%3A100%2C100italic%2C300%2C300italic%2Cregular%2Citalic%2C700%2C700italic%2C900%2C900italic|font_style:400%20regular%3A400%3Anormal\u00bb][vc_custom_heading text=\u00bbHistoria del Concurso de los Grandes Aficionados de Piano\u00bb font_container=\u00bbtag:h2|font_size:27px|text_align:center|color:%23ffffff\u00bb google_fonts=\u00bbfont_family:Lato%3A100%2C100italic%2C300%2C300italic%2Cregular%2Citalic%2C700%2C700italic%2C900%2C900italic|font_style:400%20regular%3A400%3Anormal\u00bb][\/vc_column][\/vc_row][vc_row vc_row_background=\u00bb\u00bb css=\u00bb.vc_custom_1609717644862{padding-top: 10px !important;padding-right: 20px !important;padding-bottom: 50px !important;padding-left: 20px !important;background-color: #ffffff !important;}\u00bb el_class=\u00bbarticle\u00bb][vc_column][vc_column_text css=\u00bb.vc_custom_1739061427397{margin-top: 50px !important;}\u00bb]Tenemos hoy much\u00edsimo gusto en presentar el Concurso Internacional de los Grandes Aficionados [&hellip;]\" \/>\n<meta property=\"og:url\" content=\"https:\/\/www.pianoamateurs.com\/es\/historique\/\" \/>\n<meta property=\"og:site_name\" content=\"Los Grandes Aficionados de Piano\" \/>\n<meta property=\"article:modified_time\" content=\"2025-02-09T00:37:25+00:00\" \/>\n<meta name=\"twitter:card\" content=\"summary_large_image\" \/>\n<meta name=\"twitter:label1\" content=\"Tiempo de lectura\" \/>\n\t<meta name=\"twitter:data1\" content=\"7 minutos\" \/>\n<script type=\"application\/ld+json\" class=\"yoast-schema-graph\">{\"@context\":\"https:\/\/schema.org\",\"@graph\":[{\"@type\":\"WebPage\",\"@id\":\"https:\/\/www.pianoamateurs.com\/es\/historique\/\",\"url\":\"https:\/\/www.pianoamateurs.com\/es\/historique\/\",\"name\":\"Historial - Los Grandes Aficionados de Piano\",\"isPartOf\":{\"@id\":\"https:\/\/www.pianoamateurs.com\/#website\"},\"datePublished\":\"2021-01-03T17:04:27+00:00\",\"dateModified\":\"2025-02-09T00:37:25+00:00\",\"breadcrumb\":{\"@id\":\"https:\/\/www.pianoamateurs.com\/es\/historique\/#breadcrumb\"},\"inLanguage\":\"es\",\"potentialAction\":[{\"@type\":\"ReadAction\",\"target\":[\"https:\/\/www.pianoamateurs.com\/es\/historique\/\"]}]},{\"@type\":\"BreadcrumbList\",\"@id\":\"https:\/\/www.pianoamateurs.com\/es\/historique\/#breadcrumb\",\"itemListElement\":[{\"@type\":\"ListItem\",\"position\":1,\"name\":\"Accueil\",\"item\":\"https:\/\/www.pianoamateurs.com\/es\/\"},{\"@type\":\"ListItem\",\"position\":2,\"name\":\"Historial\"}]},{\"@type\":\"WebSite\",\"@id\":\"https:\/\/www.pianoamateurs.com\/#website\",\"url\":\"https:\/\/www.pianoamateurs.com\/\",\"name\":\"Los Grandes Aficionados de Piano\",\"description\":\"Concurso Internacional de los Grandes Aficionados de Piano\",\"potentialAction\":[{\"@type\":\"SearchAction\",\"target\":{\"@type\":\"EntryPoint\",\"urlTemplate\":\"https:\/\/www.pianoamateurs.com\/?s={search_term_string}\"},\"query-input\":{\"@type\":\"PropertyValueSpecification\",\"valueRequired\":true,\"valueName\":\"search_term_string\"}}],\"inLanguage\":\"es\"}]}<\/script>\n<!-- \/ Yoast SEO plugin. -->","yoast_head_json":{"title":"Historial - Los Grandes Aficionados de Piano","robots":{"index":"index","follow":"follow","max-snippet":"max-snippet:-1","max-image-preview":"max-image-preview:large","max-video-preview":"max-video-preview:-1"},"canonical":"https:\/\/www.pianoamateurs.com\/es\/historique\/","og_locale":"es_ES","og_type":"article","og_title":"Historial - Los Grandes Aficionados de Piano","og_description":"[vc_row full_width=\u00bbstretch_row\u00bb vc_row_background=\u00bb\u00bb el_class=\u00bbtitre1&#8243; css=\u00bb.vc_custom_1739061402944{background-image: url(https:\/\/www.pianoamateurs.com\/wp-content\/uploads\/2021\/03\/piano-main4a.jpg?id=3497) !important;background-position: center !important;background-repeat: no-repeat !important;background-size: cover !important;}\u00bb][vc_column][vc_custom_heading text=\u00bbHistorial\u00bb font_container=\u00bbtag:h2|font_size:30px|text_align:center|color:%2319ace2&#8243; google_fonts=\u00bbfont_family:Lato%3A100%2C100italic%2C300%2C300italic%2Cregular%2Citalic%2C700%2C700italic%2C900%2C900italic|font_style:400%20regular%3A400%3Anormal\u00bb][vc_custom_heading text=\u00bbHistoria del Concurso de los Grandes Aficionados de Piano\u00bb font_container=\u00bbtag:h2|font_size:27px|text_align:center|color:%23ffffff\u00bb google_fonts=\u00bbfont_family:Lato%3A100%2C100italic%2C300%2C300italic%2Cregular%2Citalic%2C700%2C700italic%2C900%2C900italic|font_style:400%20regular%3A400%3Anormal\u00bb][\/vc_column][\/vc_row][vc_row vc_row_background=\u00bb\u00bb css=\u00bb.vc_custom_1609717644862{padding-top: 10px !important;padding-right: 20px !important;padding-bottom: 50px !important;padding-left: 20px !important;background-color: #ffffff !important;}\u00bb el_class=\u00bbarticle\u00bb][vc_column][vc_column_text css=\u00bb.vc_custom_1739061427397{margin-top: 50px !important;}\u00bb]Tenemos hoy much\u00edsimo gusto en presentar el Concurso Internacional de los Grandes Aficionados [&hellip;]","og_url":"https:\/\/www.pianoamateurs.com\/es\/historique\/","og_site_name":"Los Grandes Aficionados de Piano","article_modified_time":"2025-02-09T00:37:25+00:00","twitter_card":"summary_large_image","twitter_misc":{"Tiempo de lectura":"7 minutos"},"schema":{"@context":"https:\/\/schema.org","@graph":[{"@type":"WebPage","@id":"https:\/\/www.pianoamateurs.com\/es\/historique\/","url":"https:\/\/www.pianoamateurs.com\/es\/historique\/","name":"Historial - Los Grandes Aficionados de Piano","isPartOf":{"@id":"https:\/\/www.pianoamateurs.com\/#website"},"datePublished":"2021-01-03T17:04:27+00:00","dateModified":"2025-02-09T00:37:25+00:00","breadcrumb":{"@id":"https:\/\/www.pianoamateurs.com\/es\/historique\/#breadcrumb"},"inLanguage":"es","potentialAction":[{"@type":"ReadAction","target":["https:\/\/www.pianoamateurs.com\/es\/historique\/"]}]},{"@type":"BreadcrumbList","@id":"https:\/\/www.pianoamateurs.com\/es\/historique\/#breadcrumb","itemListElement":[{"@type":"ListItem","position":1,"name":"Accueil","item":"https:\/\/www.pianoamateurs.com\/es\/"},{"@type":"ListItem","position":2,"name":"Historial"}]},{"@type":"WebSite","@id":"https:\/\/www.pianoamateurs.com\/#website","url":"https:\/\/www.pianoamateurs.com\/","name":"Los Grandes Aficionados de Piano","description":"Concurso Internacional de los Grandes Aficionados de Piano","potentialAction":[{"@type":"SearchAction","target":{"@type":"EntryPoint","urlTemplate":"https:\/\/www.pianoamateurs.com\/?s={search_term_string}"},"query-input":{"@type":"PropertyValueSpecification","valueRequired":true,"valueName":"search_term_string"}}],"inLanguage":"es"}]}},"_links":{"self":[{"href":"https:\/\/www.pianoamateurs.com\/es\/wp-json\/wp\/v2\/pages\/1365","targetHints":{"allow":["GET"]}}],"collection":[{"href":"https:\/\/www.pianoamateurs.com\/es\/wp-json\/wp\/v2\/pages"}],"about":[{"href":"https:\/\/www.pianoamateurs.com\/es\/wp-json\/wp\/v2\/types\/page"}],"author":[{"embeddable":true,"href":"https:\/\/www.pianoamateurs.com\/es\/wp-json\/wp\/v2\/users\/1"}],"replies":[{"embeddable":true,"href":"https:\/\/www.pianoamateurs.com\/es\/wp-json\/wp\/v2\/comments?post=1365"}],"version-history":[{"count":5,"href":"https:\/\/www.pianoamateurs.com\/es\/wp-json\/wp\/v2\/pages\/1365\/revisions"}],"predecessor-version":[{"id":5339,"href":"https:\/\/www.pianoamateurs.com\/es\/wp-json\/wp\/v2\/pages\/1365\/revisions\/5339"}],"wp:attachment":[{"href":"https:\/\/www.pianoamateurs.com\/es\/wp-json\/wp\/v2\/media?parent=1365"}],"curies":[{"name":"wp","href":"https:\/\/api.w.org\/{rel}","templated":true}]}}