{"id":1341,"date":"2020-11-30T08:22:12","date_gmt":"2020-11-30T07:22:12","guid":{"rendered":"https:\/\/www.pianoamateurs.com\/home\/"},"modified":"2026-03-13T16:47:09","modified_gmt":"2026-03-13T15:47:09","slug":"home","status":"publish","type":"page","link":"https:\/\/www.pianoamateurs.com\/it\/","title":{"rendered":"Home"},"content":{"rendered":"<div class=\"wpb-content-wrapper\"><p>[vc_section el_class=&#8221;slider2&#8243;][vc_row full_width=&#8221;stretch_row&#8221; equal_height=&#8221;yes&#8221; content_placement=&#8221;middle&#8221; vc_row_background=&#8221;&#8221; row_type=&#8221;row&#8221; use_row_as_full_screen_section=&#8221;no&#8221; type=&#8221;full_width&#8221; angled_section=&#8221;no&#8221; text_align=&#8221;left&#8221; background_image_as_pattern=&#8221;without_pattern&#8221; css=&#8221;.vc_custom_1675244244284{background-color: #0f0f0f !important;background-position: center !important;background-repeat: no-repeat !important;background-size: cover !important;}&#8221; el_class=&#8221;slider1&#8243;][vc_column el_class=&#8221;intro&#8221;][vc_custom_heading text=&#8221;Dal 3 al 7 marzo 2027&#8243; font_container=&#8221;tag:p|font_size:18px|text_align:center|color:%23ffffff|line_height:20px&#8221; google_fonts=&#8221;font_family:Lato%3A100%2C100italic%2C300%2C300italic%2Cregular%2Citalic%2C700%2C700italic%2C900%2C900italic|font_style:400%20regular%3A400%3Anormal&#8221; css=&#8221;&#8221;][vc_custom_heading text=&#8221;34\u00b0 Concorso Internazionale<br \/>\nGrandi Amatori di Pianoforte&#8221; font_container=&#8221;tag:h2|font_size:27px|text_align:center|color:%2359b9f1|line_height:34px&#8221; google_fonts=&#8221;font_family:Lato%3A100%2C100italic%2C300%2C300italic%2Cregular%2Citalic%2C700%2C700italic%2C900%2C900italic|font_style:400%20regular%3A400%3Anormal&#8221; css=&#8221;.vc_custom_1773416826860{margin-top: 40px !important;}&#8221;][vc_btn title=&#8221;Iscrizioni&#8221; align=&#8221;center&#8221; css=&#8221;&#8221; link=&#8221;url:https%3A%2F%2Fwww.pianoamateurs.com%2Fit%2Finscription%2F&#8221;][\/vc_column][\/vc_row][vc_row equal_height=&#8221;yes&#8221; content_placement=&#8221;middle&#8221; vc_row_background=&#8221;&#8221; row_type=&#8221;row&#8221; use_row_as_full_screen_section=&#8221;no&#8221; type=&#8221;grid&#8221; angled_section=&#8221;no&#8221; text_align=&#8221;left&#8221; background_image_as_pattern=&#8221;without_pattern&#8221; z_index=&#8221;&#8221; css=&#8221;.vc_custom_1613776669445{margin-top: 30px !important;background-color: #ffffff !important;border-radius: 1px !important;}&#8221; el_class=&#8221;intro1&#8243;][vc_column width=&#8221;2\/5&#8243; sticky_sidebar=&#8221;yes&#8221; css=&#8221;.vc_custom_1675205846807{background-position: center !important;background-repeat: no-repeat !important;background-size: cover !important;}&#8221; el_class=&#8221;portrait&#8221;][vc_single_image image=&#8221;4639&#8243; img_size=&#8221;full&#8221;][\/vc_column][vc_column width=&#8221;3\/5&#8243; css=&#8221;.vc_custom_1611772401873{padding-top: 20px !important;padding-right: 30px !important;padding-bottom: 20px !important;padding-left: 30px !important;}&#8221;][vc_text_separator title=&#8221;La lettera del Presidente&#8221; title_align=&#8221;separator_align_left&#8221; color=&#8221;custom&#8221; accent_color=&#8221;#5aacf4&#8243; border=&#8221;no&#8221; el_class=&#8221;titre&#8221;][vc_custom_heading text=&#8221;Gentili Candidate, Gentili Candidati,<br \/>\nSiamo lieti di accogliervi al Concorso dei Grandi Amatori, Da mesi, anzi da anni, vi esercitate per venire a suonare per pochi minuti a Parigi. Cercherete di dare il meglio di voi stessi ma dovrete soprattutto restare voi stessi.<br \/>\nQui, lo spirito di \u00abvincere\u00bb svanisce dietro l\u2019amore per la musica. Pertanto scoprirete che ilConcorso dei Grandi Amatori \u00e8 soprattutto un \u00abanticoncorso \u00bb: non troverete n\u00e9 avversari, n\u00e9 concorrenti,n\u00e9 giudici ma solo amici della musica.<\/p>\n<p>Vivrete un momento privilegiato, che cercheremo di convidere insieme !&#8221; font_container=&#8221;tag:h2|font_size:15px|text_align:justify|color:%230c0c0c|line_height:24px&#8221; google_fonts=&#8221;font_family:Roboto%3A100%2C100italic%2C300%2C300italic%2Cregular%2Citalic%2C500%2C500italic%2C700%2C700italic%2C900%2C900italic|font_style:400%20regular%3A400%3Anormal&#8221;][vc_column_text css=&#8221;.vc_custom_1611772409736{margin-top: 30px !important;}&#8221;]<img loading=\"lazy\" decoding=\"async\" class=\"wp-image-3815 alignleft\" src=\"https:\/\/www.pianoamateurs.com\/wp-content\/uploads\/2020\/11\/Signature-GB-1.png\" alt=\"\" width=\"158\" height=\"43\" \/>[\/vc_column_text][\/vc_column][\/vc_row][\/vc_section]<\/p>\n<\/div>","protected":false},"excerpt":{"rendered":"<p>[vc_section el_class=&#8221;slider2&#8243;][vc_row full_width=&#8221;stretch_row&#8221; equal_height=&#8221;yes&#8221; content_placement=&#8221;middle&#8221; vc_row_background=&#8221;&#8221; row_type=&#8221;row&#8221; use_row_as_full_screen_section=&#8221;no&#8221; type=&#8221;full_width&#8221; angled_section=&#8221;no&#8221; text_align=&#8221;left&#8221; background_image_as_pattern=&#8221;without_pattern&#8221; css=&#8221;.vc_custom_1675244244284{background-color: #0f0f0f !important;background-position: center !important;background-repeat: no-repeat !important;background-size: cover !important;}&#8221; el_class=&#8221;slider1&#8243;][vc_column el_class=&#8221;intro&#8221;][vc_custom_heading text=&#8221;Dal 3 al 7 marzo 2027&#8243; font_container=&#8221;tag:p|font_size:18px|text_align:center|color:%23ffffff|line_height:20px&#8221; google_fonts=&#8221;font_family:Lato%3A100%2C100italic%2C300%2C300italic%2Cregular%2Citalic%2C700%2C700italic%2C900%2C900italic|font_style:400%20regular%3A400%3Anormal&#8221; css=&#8221;&#8221;][vc_custom_heading text=&#8221;34\u00b0 Concorso Internazionale Grandi Amatori di Pianoforte&#8221; font_container=&#8221;tag:h2|font_size:27px|text_align:center|color:%2359b9f1|line_height:34px&#8221; google_fonts=&#8221;font_family:Lato%3A100%2C100italic%2C300%2C300italic%2Cregular%2Citalic%2C700%2C700italic%2C900%2C900italic|font_style:400%20regular%3A400%3Anormal&#8221; css=&#8221;.vc_custom_1773416826860{margin-top: 40px !important;}&#8221;][vc_btn title=&#8221;Iscrizioni&#8221; align=&#8221;center&#8221; css=&#8221;&#8221; link=&#8221;url:https%3A%2F%2Fwww.pianoamateurs.com%2Fit%2Finscription%2F&#8221;][\/vc_column][\/vc_row][vc_row equal_height=&#8221;yes&#8221; content_placement=&#8221;middle&#8221; vc_row_background=&#8221;&#8221; row_type=&#8221;row&#8221; use_row_as_full_screen_section=&#8221;no&#8221; type=&#8221;grid&#8221; angled_section=&#8221;no&#8221; [&hellip;]<\/p>\n","protected":false},"author":1,"featured_media":0,"parent":0,"menu_order":0,"comment_status":"closed","ping_status":"closed","template":"","meta":{"footnotes":""},"class_list":["post-1341","page","type-page","status-publish","hentry"],"yoast_head":"<!-- This site is optimized with the Yoast SEO plugin v27.2 - https:\/\/yoast.com\/product\/yoast-seo-wordpress\/ -->\n<title>Concorso Internazionale Grandi Amatori di Pianoforte - Piano Amateurs<\/title>\n<meta name=\"robots\" content=\"index, follow, max-snippet:-1, max-image-preview:large, max-video-preview:-1\" \/>\n<link rel=\"canonical\" href=\"https:\/\/www.pianoamateurs.com\/it\/\" \/>\n<meta property=\"og:locale\" content=\"it_IT\" \/>\n<meta property=\"og:type\" content=\"article\" \/>\n<meta property=\"og:title\" content=\"Concorso Internazionale Grandi Amatori di Pianoforte - Piano Amateurs\" \/>\n<meta property=\"og:description\" content=\"[vc_section el_class=&#8221;slider2&#8243;][vc_row full_width=&#8221;stretch_row&#8221; equal_height=&#8221;yes&#8221; content_placement=&#8221;middle&#8221; vc_row_background=&#8221;&#8221; row_type=&#8221;row&#8221; use_row_as_full_screen_section=&#8221;no&#8221; type=&#8221;full_width&#8221; angled_section=&#8221;no&#8221; text_align=&#8221;left&#8221; background_image_as_pattern=&#8221;without_pattern&#8221; css=&#8221;.vc_custom_1675244244284{background-color: #0f0f0f !important;background-position: center !important;background-repeat: no-repeat !important;background-size: cover !important;}&#8221; el_class=&#8221;slider1&#8243;][vc_column el_class=&#8221;intro&#8221;][vc_custom_heading text=&#8221;Dal 3 al 7 marzo 2027&#8243; font_container=&#8221;tag:p|font_size:18px|text_align:center|color:%23ffffff|line_height:20px&#8221; google_fonts=&#8221;font_family:Lato%3A100%2C100italic%2C300%2C300italic%2Cregular%2Citalic%2C700%2C700italic%2C900%2C900italic|font_style:400%20regular%3A400%3Anormal&#8221; css=&#8221;&#8221;][vc_custom_heading text=&#8221;34\u00b0 Concorso Internazionale Grandi Amatori di Pianoforte&#8221; font_container=&#8221;tag:h2|font_size:27px|text_align:center|color:%2359b9f1|line_height:34px&#8221; google_fonts=&#8221;font_family:Lato%3A100%2C100italic%2C300%2C300italic%2Cregular%2Citalic%2C700%2C700italic%2C900%2C900italic|font_style:400%20regular%3A400%3Anormal&#8221; css=&#8221;.vc_custom_1773416826860{margin-top: 40px !important;}&#8221;][vc_btn title=&#8221;Iscrizioni&#8221; align=&#8221;center&#8221; css=&#8221;&#8221; link=&#8221;url:https%3A%2F%2Fwww.pianoamateurs.com%2Fit%2Finscription%2F&#8221;][\/vc_column][\/vc_row][vc_row equal_height=&#8221;yes&#8221; content_placement=&#8221;middle&#8221; vc_row_background=&#8221;&#8221; row_type=&#8221;row&#8221; use_row_as_full_screen_section=&#8221;no&#8221; type=&#8221;grid&#8221; angled_section=&#8221;no&#8221; [&hellip;]\" \/>\n<meta property=\"og:url\" content=\"https:\/\/www.pianoamateurs.com\/it\/\" \/>\n<meta property=\"og:site_name\" content=\"Grandi Amatori di Pianoforte\" \/>\n<meta property=\"article:modified_time\" content=\"2026-03-13T15:47:09+00:00\" \/>\n<meta property=\"og:image\" content=\"https:\/\/www.pianoamateurs.com\/wp-content\/uploads\/2020\/11\/Signature-GB-1.png\" \/>\n<meta name=\"twitter:card\" content=\"summary_large_image\" \/>\n<meta name=\"twitter:label1\" content=\"Tempo di lettura stimato\" \/>\n\t<meta name=\"twitter:data1\" content=\"2 minuti\" \/>\n<script type=\"application\/ld+json\" class=\"yoast-schema-graph\">{\"@context\":\"https:\/\/schema.org\",\"@graph\":[{\"@type\":\"WebPage\",\"@id\":\"https:\/\/www.pianoamateurs.com\/it\/\",\"url\":\"https:\/\/www.pianoamateurs.com\/it\/\",\"name\":\"Concorso Internazionale Grandi Amatori di Pianoforte - Piano Amateurs\",\"isPartOf\":{\"@id\":\"https:\/\/www.pianoamateurs.com\/#website\"},\"primaryImageOfPage\":{\"@id\":\"https:\/\/www.pianoamateurs.com\/it\/#primaryimage\"},\"image\":{\"@id\":\"https:\/\/www.pianoamateurs.com\/it\/#primaryimage\"},\"thumbnailUrl\":\"https:\/\/www.pianoamateurs.com\/wp-content\/uploads\/2020\/11\/Signature-GB-1.png\",\"datePublished\":\"2020-11-30T07:22:12+00:00\",\"dateModified\":\"2026-03-13T15:47:09+00:00\",\"breadcrumb\":{\"@id\":\"https:\/\/www.pianoamateurs.com\/it\/#breadcrumb\"},\"inLanguage\":\"it-IT\",\"potentialAction\":[{\"@type\":\"ReadAction\",\"target\":[\"https:\/\/www.pianoamateurs.com\/it\/\"]}]},{\"@type\":\"ImageObject\",\"inLanguage\":\"it-IT\",\"@id\":\"https:\/\/www.pianoamateurs.com\/it\/#primaryimage\",\"url\":\"https:\/\/www.pianoamateurs.com\/wp-content\/uploads\/2020\/11\/Signature-GB-1.png\",\"contentUrl\":\"https:\/\/www.pianoamateurs.com\/wp-content\/uploads\/2020\/11\/Signature-GB-1.png\"},{\"@type\":\"BreadcrumbList\",\"@id\":\"https:\/\/www.pianoamateurs.com\/it\/#breadcrumb\",\"itemListElement\":[{\"@type\":\"ListItem\",\"position\":1,\"name\":\"Accueil\",\"item\":\"https:\/\/www.pianoamateurs.com\/it\/\"},{\"@type\":\"ListItem\",\"position\":2,\"name\":\"Home\"}]},{\"@type\":\"WebSite\",\"@id\":\"https:\/\/www.pianoamateurs.com\/#website\",\"url\":\"https:\/\/www.pianoamateurs.com\/\",\"name\":\"Grandi Amatori di Pianoforte\",\"description\":\"Concorso Internazionale Grandi Amatori di Pianoforte\",\"potentialAction\":[{\"@type\":\"SearchAction\",\"target\":{\"@type\":\"EntryPoint\",\"urlTemplate\":\"https:\/\/www.pianoamateurs.com\/?s={search_term_string}\"},\"query-input\":{\"@type\":\"PropertyValueSpecification\",\"valueRequired\":true,\"valueName\":\"search_term_string\"}}],\"inLanguage\":\"it-IT\"}]}<\/script>\n<!-- \/ Yoast SEO plugin. -->","yoast_head_json":{"title":"Concorso Internazionale Grandi Amatori di Pianoforte - Piano Amateurs","robots":{"index":"index","follow":"follow","max-snippet":"max-snippet:-1","max-image-preview":"max-image-preview:large","max-video-preview":"max-video-preview:-1"},"canonical":"https:\/\/www.pianoamateurs.com\/it\/","og_locale":"it_IT","og_type":"article","og_title":"Concorso Internazionale Grandi Amatori di Pianoforte - Piano Amateurs","og_description":"[vc_section el_class=&#8221;slider2&#8243;][vc_row full_width=&#8221;stretch_row&#8221; equal_height=&#8221;yes&#8221; content_placement=&#8221;middle&#8221; vc_row_background=&#8221;&#8221; row_type=&#8221;row&#8221; use_row_as_full_screen_section=&#8221;no&#8221; type=&#8221;full_width&#8221; angled_section=&#8221;no&#8221; text_align=&#8221;left&#8221; background_image_as_pattern=&#8221;without_pattern&#8221; css=&#8221;.vc_custom_1675244244284{background-color: #0f0f0f !important;background-position: center !important;background-repeat: no-repeat !important;background-size: cover !important;}&#8221; el_class=&#8221;slider1&#8243;][vc_column el_class=&#8221;intro&#8221;][vc_custom_heading text=&#8221;Dal 3 al 7 marzo 2027&#8243; font_container=&#8221;tag:p|font_size:18px|text_align:center|color:%23ffffff|line_height:20px&#8221; google_fonts=&#8221;font_family:Lato%3A100%2C100italic%2C300%2C300italic%2Cregular%2Citalic%2C700%2C700italic%2C900%2C900italic|font_style:400%20regular%3A400%3Anormal&#8221; css=&#8221;&#8221;][vc_custom_heading text=&#8221;34\u00b0 Concorso Internazionale Grandi Amatori di Pianoforte&#8221; font_container=&#8221;tag:h2|font_size:27px|text_align:center|color:%2359b9f1|line_height:34px&#8221; google_fonts=&#8221;font_family:Lato%3A100%2C100italic%2C300%2C300italic%2Cregular%2Citalic%2C700%2C700italic%2C900%2C900italic|font_style:400%20regular%3A400%3Anormal&#8221; css=&#8221;.vc_custom_1773416826860{margin-top: 40px !important;}&#8221;][vc_btn title=&#8221;Iscrizioni&#8221; align=&#8221;center&#8221; css=&#8221;&#8221; link=&#8221;url:https%3A%2F%2Fwww.pianoamateurs.com%2Fit%2Finscription%2F&#8221;][\/vc_column][\/vc_row][vc_row equal_height=&#8221;yes&#8221; content_placement=&#8221;middle&#8221; vc_row_background=&#8221;&#8221; row_type=&#8221;row&#8221; use_row_as_full_screen_section=&#8221;no&#8221; type=&#8221;grid&#8221; angled_section=&#8221;no&#8221; [&hellip;]","og_url":"https:\/\/www.pianoamateurs.com\/it\/","og_site_name":"Grandi Amatori di Pianoforte","article_modified_time":"2026-03-13T15:47:09+00:00","og_image":[{"url":"https:\/\/www.pianoamateurs.com\/wp-content\/uploads\/2020\/11\/Signature-GB-1.png","type":"","width":"","height":""}],"twitter_card":"summary_large_image","twitter_misc":{"Tempo di lettura stimato":"2 minuti"},"schema":{"@context":"https:\/\/schema.org","@graph":[{"@type":"WebPage","@id":"https:\/\/www.pianoamateurs.com\/it\/","url":"https:\/\/www.pianoamateurs.com\/it\/","name":"Concorso Internazionale Grandi Amatori di Pianoforte - Piano Amateurs","isPartOf":{"@id":"https:\/\/www.pianoamateurs.com\/#website"},"primaryImageOfPage":{"@id":"https:\/\/www.pianoamateurs.com\/it\/#primaryimage"},"image":{"@id":"https:\/\/www.pianoamateurs.com\/it\/#primaryimage"},"thumbnailUrl":"https:\/\/www.pianoamateurs.com\/wp-content\/uploads\/2020\/11\/Signature-GB-1.png","datePublished":"2020-11-30T07:22:12+00:00","dateModified":"2026-03-13T15:47:09+00:00","breadcrumb":{"@id":"https:\/\/www.pianoamateurs.com\/it\/#breadcrumb"},"inLanguage":"it-IT","potentialAction":[{"@type":"ReadAction","target":["https:\/\/www.pianoamateurs.com\/it\/"]}]},{"@type":"ImageObject","inLanguage":"it-IT","@id":"https:\/\/www.pianoamateurs.com\/it\/#primaryimage","url":"https:\/\/www.pianoamateurs.com\/wp-content\/uploads\/2020\/11\/Signature-GB-1.png","contentUrl":"https:\/\/www.pianoamateurs.com\/wp-content\/uploads\/2020\/11\/Signature-GB-1.png"},{"@type":"BreadcrumbList","@id":"https:\/\/www.pianoamateurs.com\/it\/#breadcrumb","itemListElement":[{"@type":"ListItem","position":1,"name":"Accueil","item":"https:\/\/www.pianoamateurs.com\/it\/"},{"@type":"ListItem","position":2,"name":"Home"}]},{"@type":"WebSite","@id":"https:\/\/www.pianoamateurs.com\/#website","url":"https:\/\/www.pianoamateurs.com\/","name":"Grandi Amatori di Pianoforte","description":"Concorso Internazionale Grandi Amatori di Pianoforte","potentialAction":[{"@type":"SearchAction","target":{"@type":"EntryPoint","urlTemplate":"https:\/\/www.pianoamateurs.com\/?s={search_term_string}"},"query-input":{"@type":"PropertyValueSpecification","valueRequired":true,"valueName":"search_term_string"}}],"inLanguage":"it-IT"}]}},"_links":{"self":[{"href":"https:\/\/www.pianoamateurs.com\/it\/wp-json\/wp\/v2\/pages\/1341","targetHints":{"allow":["GET"]}}],"collection":[{"href":"https:\/\/www.pianoamateurs.com\/it\/wp-json\/wp\/v2\/pages"}],"about":[{"href":"https:\/\/www.pianoamateurs.com\/it\/wp-json\/wp\/v2\/types\/page"}],"author":[{"embeddable":true,"href":"https:\/\/www.pianoamateurs.com\/it\/wp-json\/wp\/v2\/users\/1"}],"replies":[{"embeddable":true,"href":"https:\/\/www.pianoamateurs.com\/it\/wp-json\/wp\/v2\/comments?post=1341"}],"version-history":[{"count":17,"href":"https:\/\/www.pianoamateurs.com\/it\/wp-json\/wp\/v2\/pages\/1341\/revisions"}],"predecessor-version":[{"id":5743,"href":"https:\/\/www.pianoamateurs.com\/it\/wp-json\/wp\/v2\/pages\/1341\/revisions\/5743"}],"wp:attachment":[{"href":"https:\/\/www.pianoamateurs.com\/it\/wp-json\/wp\/v2\/media?parent=1341"}],"curies":[{"name":"wp","href":"https:\/\/api.w.org\/{rel}","templated":true}]}}