{"id":1359,"date":"2021-01-03T18:04:27","date_gmt":"2021-01-03T17:04:27","guid":{"rendered":"https:\/\/www.pianoamateurs.com\/historique\/"},"modified":"2025-02-09T01:35:21","modified_gmt":"2025-02-09T00:35:21","slug":"historique","status":"publish","type":"page","link":"https:\/\/www.pianoamateurs.com\/it\/historique\/","title":{"rendered":"Storico"},"content":{"rendered":"<div class=\"wpb-content-wrapper\"><p>[vc_row full_width=&#8221;stretch_row&#8221; vc_row_background=&#8221;&#8221; el_class=&#8221;titre1&#8243; css=&#8221;.vc_custom_1739061288856{background-image: url(https:\/\/www.pianoamateurs.com\/wp-content\/uploads\/2021\/03\/piano-main4a.jpg?id=3494) !important;background-position: center !important;background-repeat: no-repeat !important;background-size: cover !important;}&#8221;][vc_column][vc_custom_heading text=&#8221;Storico&#8221; font_container=&#8221;tag:h2|font_size:30px|text_align:center|color:%2319ace2&#8243; google_fonts=&#8221;font_family:Lato%3A100%2C100italic%2C300%2C300italic%2Cregular%2Citalic%2C700%2C700italic%2C900%2C900italic|font_style:400%20regular%3A400%3Anormal&#8221;][vc_custom_heading text=&#8221;CONCORSO INTERNAZIONALE GRANDI AMATORI DI PIANOFORTE&#8221; font_container=&#8221;tag:h2|font_size:27px|text_align:center|color:%23ffffff&#8221; google_fonts=&#8221;font_family:Lato%3A100%2C100italic%2C300%2C300italic%2Cregular%2Citalic%2C700%2C700italic%2C900%2C900italic|font_style:400%20regular%3A400%3Anormal&#8221;][\/vc_column][\/vc_row][vc_row vc_row_background=&#8221;&#8221; css=&#8221;.vc_custom_1609717644862{padding-top: 10px !important;padding-right: 20px !important;padding-bottom: 50px !important;padding-left: 20px !important;background-color: #ffffff !important;}&#8221; el_class=&#8221;article&#8221;][vc_column][vc_column_text css=&#8221;.vc_custom_1739061302759{margin-top: 50px !important;}&#8221;]<span class=\"majuscule\">L<\/span>anciato nel 1989 da G\u00e9rard B\u00e9kerman, professore universitario di economia e diplomato alla Scuola normale di musica di Parigi, il Concorso Internazionale Grandi Amatori di Pianoforte si rivolge ad appassionati di alto livello. Tutti esercitano un\u2019attivit\u00e0: medico, impiegato, avvocato, studente, pensionato, ingegnere&#8230;<\/p>\n<p><img loading=\"lazy\" decoding=\"async\" class=\"size-full wp-image-2627 alignleft\" src=\"https:\/\/www.pianoamateurs.com\/wp-content\/uploads\/2020\/11\/photo_06.jpg\" alt=\"\" width=\"364\" height=\"248\" srcset=\"https:\/\/www.pianoamateurs.com\/wp-content\/uploads\/2020\/11\/photo_06.jpg 364w, https:\/\/www.pianoamateurs.com\/wp-content\/uploads\/2020\/11\/photo_06-300x204.jpg 300w\" sizes=\"auto, (max-width: 364px) 100vw, 364px\" \/>La giuria \u00e8 composta ogni anno da pianisti famosi o da personalit\u00e0: Idil Biret, Anne Queffelec, Genevi\u00e8ve Joy-Dutilleux, Sabine Lacoarret, Germaine Dev\u00e8ze, Fran\u00e7ois-Ren\u00e9 D\u00fbchable, Marc Laforet, Aldo Ciccolini, Michel Dalberto, Alexis Weissenberg, Marc-Olivier Dupin, Dominique Merlet, Eric Heidsieck, Pierre Reach, Jay Gottlieb, Michel Beroff, etc.<\/p>\n<p>Una seconda giuria, la \u201cgiuria della stampa\u201d\u30fb \u00e8 composta da pi\u00f9 di venti critici di musica che rappresentano i principali quotidiani del grande pubblico e dei media nazionali o internazionali. Tutti contribuiscono alla promozione del Concorso dei grandi appassionati.<\/p>\n<p>Il Concorso ha conosciuto nel corso degli anni un immenso successo. Si sono presentati centinaia di candidati venuti dalla Francia e da 50 paesi stranieri, nessun continente escluso. Uno dei princip\u00ee fondamentali del Concorso \u00e8 la libert\u00e0 dei programmi. L\u2019obiettivo non \u00e8 quello di costringere i candidati a pezzi imposti, ma di scoprire dei musicisti in opere che essi stessi hanno scelto. I vincitori sono stati invitati a suonare con l&#8217;orchestra, sotto la direzione di George Pr\u00eatre e del maestro americano George Pehlivanian. Sono stati anche invitati al Festival Radio Francia Montpellier e Languedoc Roussillon, ed hanno suonato, a pi\u00f9 riprese, sotto la direzione di Fran\u00e7ois Boulanger, con l&#8217;orchestra Sinfonica della Guardia Repubblicana, cos\u00ec come con Pierre-Michel Durand alla testa dell\u2019Orchestra del cnr di Parigi.<\/p>\n<p>L\u2019originalit\u00e0 del Concorso consiste nel fatto che non abbiamo a che fare con degli appassionati nel senso corrente del termine, con dei \u201cdilettanti\u201d\u30fb bens\u00ec con dei pianisti che \u201cnon fanno solo quello\u201d\u30fb con dei musicisti che un giorno della loro vita hanno dovuto fare una scelta, spesso difficile, tra il loro lavoro e la carriera di concertista che non hanno potuto intraprendere, una scelta tra ci\u00f2 che permette loro di vivere ed il loro amore per la musica.[\/vc_column_text][vc_single_image image=&#8221;5324&#8243; img_size=&#8221;full&#8221; alignment=&#8221;center&#8221; css=&#8221;&#8221;][\/vc_column][\/vc_row]<\/p>\n<\/div>","protected":false},"excerpt":{"rendered":"<p>[vc_row full_width=&#8221;stretch_row&#8221; vc_row_background=&#8221;&#8221; el_class=&#8221;titre1&#8243; css=&#8221;.vc_custom_1739061288856{background-image: url(https:\/\/www.pianoamateurs.com\/wp-content\/uploads\/2021\/03\/piano-main4a.jpg?id=3494) !important;background-position: center !important;background-repeat: no-repeat !important;background-size: cover !important;}&#8221;][vc_column][vc_custom_heading text=&#8221;Storico&#8221; font_container=&#8221;tag:h2|font_size:30px|text_align:center|color:%2319ace2&#8243; google_fonts=&#8221;font_family:Lato%3A100%2C100italic%2C300%2C300italic%2Cregular%2Citalic%2C700%2C700italic%2C900%2C900italic|font_style:400%20regular%3A400%3Anormal&#8221;][vc_custom_heading text=&#8221;CONCORSO INTERNAZIONALE GRANDI AMATORI DI PIANOFORTE&#8221; font_container=&#8221;tag:h2|font_size:27px|text_align:center|color:%23ffffff&#8221; google_fonts=&#8221;font_family:Lato%3A100%2C100italic%2C300%2C300italic%2Cregular%2Citalic%2C700%2C700italic%2C900%2C900italic|font_style:400%20regular%3A400%3Anormal&#8221;][\/vc_column][\/vc_row][vc_row vc_row_background=&#8221;&#8221; css=&#8221;.vc_custom_1609717644862{padding-top: 10px !important;padding-right: 20px !important;padding-bottom: 50px !important;padding-left: 20px !important;background-color: #ffffff !important;}&#8221; el_class=&#8221;article&#8221;][vc_column][vc_column_text css=&#8221;.vc_custom_1739061302759{margin-top: 50px !important;}&#8221;]Lanciato nel 1989 da G\u00e9rard B\u00e9kerman, professore universitario di economia e diplomato alla Scuola normale di [&hellip;]<\/p>\n","protected":false},"author":1,"featured_media":0,"parent":0,"menu_order":0,"comment_status":"closed","ping_status":"closed","template":"","meta":{"footnotes":""},"class_list":["post-1359","page","type-page","status-publish","hentry"],"yoast_head":"<!-- This site is optimized with the Yoast SEO plugin v27.2 - https:\/\/yoast.com\/product\/yoast-seo-wordpress\/ -->\n<title>Storico - Grandi Amatori di Pianoforte<\/title>\n<meta name=\"robots\" content=\"index, follow, max-snippet:-1, max-image-preview:large, max-video-preview:-1\" \/>\n<link rel=\"canonical\" href=\"https:\/\/www.pianoamateurs.com\/it\/historique\/\" \/>\n<meta property=\"og:locale\" content=\"it_IT\" \/>\n<meta property=\"og:type\" content=\"article\" \/>\n<meta property=\"og:title\" content=\"Storico - Grandi Amatori di Pianoforte\" \/>\n<meta property=\"og:description\" content=\"[vc_row full_width=&#8221;stretch_row&#8221; vc_row_background=&#8221;&#8221; el_class=&#8221;titre1&#8243; css=&#8221;.vc_custom_1739061288856{background-image: url(https:\/\/www.pianoamateurs.com\/wp-content\/uploads\/2021\/03\/piano-main4a.jpg?id=3494) !important;background-position: center !important;background-repeat: no-repeat !important;background-size: cover !important;}&#8221;][vc_column][vc_custom_heading text=&#8221;Storico&#8221; font_container=&#8221;tag:h2|font_size:30px|text_align:center|color:%2319ace2&#8243; google_fonts=&#8221;font_family:Lato%3A100%2C100italic%2C300%2C300italic%2Cregular%2Citalic%2C700%2C700italic%2C900%2C900italic|font_style:400%20regular%3A400%3Anormal&#8221;][vc_custom_heading text=&#8221;CONCORSO INTERNAZIONALE GRANDI AMATORI DI PIANOFORTE&#8221; font_container=&#8221;tag:h2|font_size:27px|text_align:center|color:%23ffffff&#8221; google_fonts=&#8221;font_family:Lato%3A100%2C100italic%2C300%2C300italic%2Cregular%2Citalic%2C700%2C700italic%2C900%2C900italic|font_style:400%20regular%3A400%3Anormal&#8221;][\/vc_column][\/vc_row][vc_row vc_row_background=&#8221;&#8221; css=&#8221;.vc_custom_1609717644862{padding-top: 10px !important;padding-right: 20px !important;padding-bottom: 50px !important;padding-left: 20px !important;background-color: #ffffff !important;}&#8221; el_class=&#8221;article&#8221;][vc_column][vc_column_text css=&#8221;.vc_custom_1739061302759{margin-top: 50px !important;}&#8221;]Lanciato nel 1989 da G\u00e9rard B\u00e9kerman, professore universitario di economia e diplomato alla Scuola normale di [&hellip;]\" \/>\n<meta property=\"og:url\" content=\"https:\/\/www.pianoamateurs.com\/it\/historique\/\" \/>\n<meta property=\"og:site_name\" content=\"Grandi Amatori di Pianoforte\" \/>\n<meta property=\"article:modified_time\" content=\"2025-02-09T00:35:21+00:00\" \/>\n<meta property=\"og:image\" content=\"https:\/\/www.pianoamateurs.com\/wp-content\/uploads\/2020\/11\/photo_06.jpg\" \/>\n\t<meta property=\"og:image:width\" content=\"364\" \/>\n\t<meta property=\"og:image:height\" content=\"248\" \/>\n\t<meta property=\"og:image:type\" content=\"image\/jpeg\" \/>\n<meta name=\"twitter:card\" content=\"summary_large_image\" \/>\n<meta name=\"twitter:label1\" content=\"Tempo di lettura stimato\" \/>\n\t<meta name=\"twitter:data1\" content=\"3 minuti\" \/>\n<script type=\"application\/ld+json\" class=\"yoast-schema-graph\">{\"@context\":\"https:\/\/schema.org\",\"@graph\":[{\"@type\":\"WebPage\",\"@id\":\"https:\/\/www.pianoamateurs.com\/it\/historique\/\",\"url\":\"https:\/\/www.pianoamateurs.com\/it\/historique\/\",\"name\":\"Storico - Grandi Amatori di Pianoforte\",\"isPartOf\":{\"@id\":\"https:\/\/www.pianoamateurs.com\/#website\"},\"primaryImageOfPage\":{\"@id\":\"https:\/\/www.pianoamateurs.com\/it\/historique\/#primaryimage\"},\"image\":{\"@id\":\"https:\/\/www.pianoamateurs.com\/it\/historique\/#primaryimage\"},\"thumbnailUrl\":\"https:\/\/www.pianoamateurs.com\/wp-content\/uploads\/2020\/11\/photo_06.jpg\",\"datePublished\":\"2021-01-03T17:04:27+00:00\",\"dateModified\":\"2025-02-09T00:35:21+00:00\",\"breadcrumb\":{\"@id\":\"https:\/\/www.pianoamateurs.com\/it\/historique\/#breadcrumb\"},\"inLanguage\":\"it-IT\",\"potentialAction\":[{\"@type\":\"ReadAction\",\"target\":[\"https:\/\/www.pianoamateurs.com\/it\/historique\/\"]}]},{\"@type\":\"ImageObject\",\"inLanguage\":\"it-IT\",\"@id\":\"https:\/\/www.pianoamateurs.com\/it\/historique\/#primaryimage\",\"url\":\"https:\/\/www.pianoamateurs.com\/wp-content\/uploads\/2020\/11\/photo_06.jpg\",\"contentUrl\":\"https:\/\/www.pianoamateurs.com\/wp-content\/uploads\/2020\/11\/photo_06.jpg\"},{\"@type\":\"BreadcrumbList\",\"@id\":\"https:\/\/www.pianoamateurs.com\/it\/historique\/#breadcrumb\",\"itemListElement\":[{\"@type\":\"ListItem\",\"position\":1,\"name\":\"Accueil\",\"item\":\"https:\/\/www.pianoamateurs.com\/it\/\"},{\"@type\":\"ListItem\",\"position\":2,\"name\":\"Storico\"}]},{\"@type\":\"WebSite\",\"@id\":\"https:\/\/www.pianoamateurs.com\/#website\",\"url\":\"https:\/\/www.pianoamateurs.com\/\",\"name\":\"Grandi Amatori di Pianoforte\",\"description\":\"Concorso Internazionale Grandi Amatori di Pianoforte\",\"potentialAction\":[{\"@type\":\"SearchAction\",\"target\":{\"@type\":\"EntryPoint\",\"urlTemplate\":\"https:\/\/www.pianoamateurs.com\/?s={search_term_string}\"},\"query-input\":{\"@type\":\"PropertyValueSpecification\",\"valueRequired\":true,\"valueName\":\"search_term_string\"}}],\"inLanguage\":\"it-IT\"}]}<\/script>\n<!-- \/ Yoast SEO plugin. -->","yoast_head_json":{"title":"Storico - Grandi Amatori di Pianoforte","robots":{"index":"index","follow":"follow","max-snippet":"max-snippet:-1","max-image-preview":"max-image-preview:large","max-video-preview":"max-video-preview:-1"},"canonical":"https:\/\/www.pianoamateurs.com\/it\/historique\/","og_locale":"it_IT","og_type":"article","og_title":"Storico - Grandi Amatori di Pianoforte","og_description":"[vc_row full_width=&#8221;stretch_row&#8221; vc_row_background=&#8221;&#8221; el_class=&#8221;titre1&#8243; css=&#8221;.vc_custom_1739061288856{background-image: url(https:\/\/www.pianoamateurs.com\/wp-content\/uploads\/2021\/03\/piano-main4a.jpg?id=3494) !important;background-position: center !important;background-repeat: no-repeat !important;background-size: cover !important;}&#8221;][vc_column][vc_custom_heading text=&#8221;Storico&#8221; font_container=&#8221;tag:h2|font_size:30px|text_align:center|color:%2319ace2&#8243; google_fonts=&#8221;font_family:Lato%3A100%2C100italic%2C300%2C300italic%2Cregular%2Citalic%2C700%2C700italic%2C900%2C900italic|font_style:400%20regular%3A400%3Anormal&#8221;][vc_custom_heading text=&#8221;CONCORSO INTERNAZIONALE GRANDI AMATORI DI PIANOFORTE&#8221; font_container=&#8221;tag:h2|font_size:27px|text_align:center|color:%23ffffff&#8221; google_fonts=&#8221;font_family:Lato%3A100%2C100italic%2C300%2C300italic%2Cregular%2Citalic%2C700%2C700italic%2C900%2C900italic|font_style:400%20regular%3A400%3Anormal&#8221;][\/vc_column][\/vc_row][vc_row vc_row_background=&#8221;&#8221; css=&#8221;.vc_custom_1609717644862{padding-top: 10px !important;padding-right: 20px !important;padding-bottom: 50px !important;padding-left: 20px !important;background-color: #ffffff !important;}&#8221; el_class=&#8221;article&#8221;][vc_column][vc_column_text css=&#8221;.vc_custom_1739061302759{margin-top: 50px !important;}&#8221;]Lanciato nel 1989 da G\u00e9rard B\u00e9kerman, professore universitario di economia e diplomato alla Scuola normale di [&hellip;]","og_url":"https:\/\/www.pianoamateurs.com\/it\/historique\/","og_site_name":"Grandi Amatori di Pianoforte","article_modified_time":"2025-02-09T00:35:21+00:00","og_image":[{"width":364,"height":248,"url":"https:\/\/www.pianoamateurs.com\/wp-content\/uploads\/2020\/11\/photo_06.jpg","type":"image\/jpeg"}],"twitter_card":"summary_large_image","twitter_misc":{"Tempo di lettura stimato":"3 minuti"},"schema":{"@context":"https:\/\/schema.org","@graph":[{"@type":"WebPage","@id":"https:\/\/www.pianoamateurs.com\/it\/historique\/","url":"https:\/\/www.pianoamateurs.com\/it\/historique\/","name":"Storico - Grandi Amatori di Pianoforte","isPartOf":{"@id":"https:\/\/www.pianoamateurs.com\/#website"},"primaryImageOfPage":{"@id":"https:\/\/www.pianoamateurs.com\/it\/historique\/#primaryimage"},"image":{"@id":"https:\/\/www.pianoamateurs.com\/it\/historique\/#primaryimage"},"thumbnailUrl":"https:\/\/www.pianoamateurs.com\/wp-content\/uploads\/2020\/11\/photo_06.jpg","datePublished":"2021-01-03T17:04:27+00:00","dateModified":"2025-02-09T00:35:21+00:00","breadcrumb":{"@id":"https:\/\/www.pianoamateurs.com\/it\/historique\/#breadcrumb"},"inLanguage":"it-IT","potentialAction":[{"@type":"ReadAction","target":["https:\/\/www.pianoamateurs.com\/it\/historique\/"]}]},{"@type":"ImageObject","inLanguage":"it-IT","@id":"https:\/\/www.pianoamateurs.com\/it\/historique\/#primaryimage","url":"https:\/\/www.pianoamateurs.com\/wp-content\/uploads\/2020\/11\/photo_06.jpg","contentUrl":"https:\/\/www.pianoamateurs.com\/wp-content\/uploads\/2020\/11\/photo_06.jpg"},{"@type":"BreadcrumbList","@id":"https:\/\/www.pianoamateurs.com\/it\/historique\/#breadcrumb","itemListElement":[{"@type":"ListItem","position":1,"name":"Accueil","item":"https:\/\/www.pianoamateurs.com\/it\/"},{"@type":"ListItem","position":2,"name":"Storico"}]},{"@type":"WebSite","@id":"https:\/\/www.pianoamateurs.com\/#website","url":"https:\/\/www.pianoamateurs.com\/","name":"Grandi Amatori di Pianoforte","description":"Concorso Internazionale Grandi Amatori di Pianoforte","potentialAction":[{"@type":"SearchAction","target":{"@type":"EntryPoint","urlTemplate":"https:\/\/www.pianoamateurs.com\/?s={search_term_string}"},"query-input":{"@type":"PropertyValueSpecification","valueRequired":true,"valueName":"search_term_string"}}],"inLanguage":"it-IT"}]}},"_links":{"self":[{"href":"https:\/\/www.pianoamateurs.com\/it\/wp-json\/wp\/v2\/pages\/1359","targetHints":{"allow":["GET"]}}],"collection":[{"href":"https:\/\/www.pianoamateurs.com\/it\/wp-json\/wp\/v2\/pages"}],"about":[{"href":"https:\/\/www.pianoamateurs.com\/it\/wp-json\/wp\/v2\/types\/page"}],"author":[{"embeddable":true,"href":"https:\/\/www.pianoamateurs.com\/it\/wp-json\/wp\/v2\/users\/1"}],"replies":[{"embeddable":true,"href":"https:\/\/www.pianoamateurs.com\/it\/wp-json\/wp\/v2\/comments?post=1359"}],"version-history":[{"count":4,"href":"https:\/\/www.pianoamateurs.com\/it\/wp-json\/wp\/v2\/pages\/1359\/revisions"}],"predecessor-version":[{"id":5337,"href":"https:\/\/www.pianoamateurs.com\/it\/wp-json\/wp\/v2\/pages\/1359\/revisions\/5337"}],"wp:attachment":[{"href":"https:\/\/www.pianoamateurs.com\/it\/wp-json\/wp\/v2\/media?parent=1359"}],"curies":[{"name":"wp","href":"https:\/\/api.w.org\/{rel}","templated":true}]}}