{"id":1353,"date":"2021-01-03T18:04:27","date_gmt":"2021-01-03T17:04:27","guid":{"rendered":"https:\/\/www.pianoamateurs.com\/historique\/"},"modified":"2025-02-09T01:32:46","modified_gmt":"2025-02-09T00:32:46","slug":"historique","status":"publish","type":"page","link":"https:\/\/www.pianoamateurs.com\/zh-hans\/historique\/","title":{"rendered":"\u80cc\u666f"},"content":{"rendered":"<div class=\"wpb-content-wrapper\"><p>[vc_row vc_row_background=&#8221;&#8221; el_class=&#8221;titre1&#8243; css=&#8221;.vc_custom_1614860020777{background-image: url(https:\/\/www.pianoamateurs.com\/wp-content\/uploads\/2021\/03\/piano-main4a.jpg?id=3491) !important;background-position: center !important;background-repeat: no-repeat !important;background-size: cover !important;}&#8221;][vc_column][vc_custom_heading text=&#8221;\u80cc\u666f&#8221; font_container=&#8221;tag:h2|font_size:30px|text_align:center|color:%2319ace2&#8243; google_fonts=&#8221;font_family:Lato%3A100%2C100italic%2C300%2C300italic%2Cregular%2Citalic%2C700%2C700italic%2C900%2C900italic|font_style:400%20regular%3A400%3Anormal&#8221;][vc_custom_heading text=&#8221;\u7b2c\u4e8c\u5341\u5c4a\u56fd\u9645\u6770\u51fa\u94a2\u7434\u7231\u597d\u8005\u5927\u8d5b&#8221; font_container=&#8221;tag:h2|font_size:27px|text_align:center|color:%23ffffff&#8221; google_fonts=&#8221;font_family:Lora%3Aregular%2Citalic%2C700%2C700italic|font_style:400%20regular%3A400%3Anormal&#8221;][\/vc_column][\/vc_row][vc_row vc_row_background=&#8221;&#8221; css=&#8221;.vc_custom_1609717644862{padding-top: 10px !important;padding-right: 20px !important;padding-bottom: 50px !important;padding-left: 20px !important;background-color: #ffffff !important;}&#8221; el_class=&#8221;article&#8221;][vc_column][vc_column_text css=&#8221;.vc_custom_1739061151176{margin-top: 50px !important;}&#8221;]\u56fd\u9645\u6770\u51fa\u94a2\u7434\u7231\u597d\u8005\u5927\u8d5b\u7531\u5409\u62c9\u5c14.\u8d1d\u514b\u66fc G\u00e9rard Bekerman \u4e8e1989\u5e74\u521b\u7acb\uff0c\u8d1d\u514b\u66fc \u5148\u751f\u6bd5\u4e1a\u4e8e\u5df4\u9ece\u9ad8\u7b49\u97f3\u4e50\u5b66\u9662\uff0c\u73b0\u4efb\u5927\u5b66\u7ecf\u6d4e\u6559\u6388\u3002\u56fd\u9645\u6770\u51fa\u94a2\u7434\u7231\u597d\u8005\u5927\u8d5b\u00ae\u9762\u5411\u4e00\u5207\u9ad8\u6c34\u5e73\u94a2\u7434\u7231\u597d\u8005\uff0c\u53c2\u8d5b\u9009\u624b\u6765\u81ea\u4e0d\u540c\u884c\u4e1a\u5982\u533b\u751f\u3001\u804c\u5458\u3001\u5f8b\u5e08\u3001\u5b66\u751f\u3001\u9000\u4f11\u4eba\u5458\u3001\u5de5\u7a0b\u5e08\u53ca\u5176\u4ed6\u884c\u4e1a\u4eba\u58eb\u3002<\/p>\n<p><img loading=\"lazy\" decoding=\"async\" class=\"size-full wp-image-2567 alignleft\" src=\"https:\/\/www.pianoamateurs.com\/wp-content\/uploads\/2020\/11\/photo_06.jpg\" alt=\"\" width=\"364\" height=\"248\" srcset=\"https:\/\/www.pianoamateurs.com\/wp-content\/uploads\/2020\/11\/photo_06.jpg 364w, https:\/\/www.pianoamateurs.com\/wp-content\/uploads\/2020\/11\/photo_06-300x204.jpg 300w\" sizes=\"auto, (max-width: 364px) 100vw, 364px\" \/>\u6bcf\u5c4a\u5927\u8d5b\u7684\u8bc4\u59d4\u4f1a\u90fd\u9080\u8bf7\u8457\u540d\u94a2\u7434\u5bb6\u4e0e\u77e5\u540d\u4eba\u58eb\u62c5\u4efb: Idil Biret, Anne Queffelec, Genevi\u00e8ve Joy-Dutilleux, Sabine Lacoarret, Germaine Dev\u00e8ze, Fran\u00e7ois-Ren\u00e9 D\u00fbchable, Marc Laforet,, Aldo Ciccolini, Michel Dalberto, Alexis Weissenberg, Marc-Olivier Dupin, Dominique Merlet, Eric Heidsick, Pierre Reach, Jay Gottlieb, Michel Beroff, \u7b49\u7b49\u3002<\/p>\n<p>\u5927\u8d5b\u8fd8\u8bbe\u6709\u7b2c\u4e8c\u8bc4\u59d4\u4f1a\u2014\u201c\u5a92\u4f53\u8bc4\u59d4\u4f1a\u201d\uff0c\u7531\u4ee3\u8868\u6b27\u6d32\u4e3b\u8981\u5927\u4e2d\u578b\u65e5\u62a5\u53ca\u56fd\u5bb6\u6216\u56fd\u9645\u5a92\u4f53 \u7684\u4e8c\u5341\u4f59\u540d\u4e50\u8bc4\u4eba\u7ec4\u6210\uff0c\u81f4\u529b\u4e8e\u9274\u5b9a\u548c\u63a8\u5e7f\u5ba3\u4f20\u6770\u51fa\u7231\u597d\u8005\u5927\u8d5b\u3002<\/p>\n<p>\u8fd9\u4e9b\u5e74\u4ee5\u6765\uff0c\u5728\u793e\u4f1a\u5404\u754c\u4eba\u58eb\u7684\u70ed\u60c5\u53c2\u4e0e\u652f\u6301\u4e0b\uff0c\u5927\u8d5b\u83b7\u5f97\u4e86\u5de8\u5927\u7684\u6210\u529f\u548c\u58f0\u8a89\uff0c\u6bcf\u5e74\u5438\u5f15\u6765\u81ea50\u591a\u4e2a\u56fd\u5bb6\u7684\u6570\u767e\u540d\u9009\u624b\u8e0a\u8dc3\u62a5\u540d\u53c2\u52a0\u3002\u6765\u81ea\u4e16\u754c\u5404\u5730\u7684\u94a2\u7434\u7231\u597d\u8005\u559c\u6b22\u6c47\u96c6\u5728\u5df4\u9ece\u7684\u60c5\u8da3\u76f8\u6295\u6c14\u6c1b\u3002\u5927\u8d5b\u6700\u91cd\u8981\u7684\u539f\u5219\u4e4b\u4e00\u662f\u81ea\u9009\u66f2\u76ee\uff0c\u65e0\u7279\u5b9a\u66f2\u76ee\u3002\u6211\u4eec\u7684\u76ee\u7684\u5e76\u975e\u662f\u7528\u6307\u5b9a\u66f2\u76ee\u9650\u5236\u53ca\u8003\u6838\u9009\u624b\uff0c\u800c\u662f\u8981\u901a\u8fc7\u9009\u624b\u81ea\u9009\u66f2\u76ee\uff0c\u5145\u5206\u53d1\u6325\u4ed6\u4eec\u7684\u6f5c\u529b\u548c\u624d\u80fd\uff0c\u7531\u6b64\u6765\u53d1\u6398\u97f3\u4e50\u4eba\u624d\u3002\u5927\u8d5b\u7684\u4f18\u80dc\u8005\u66fe\u53d7\u9080\u4e0e\u6cd5\u56fd\u5bb6\u55bb\u6237\u6653\u7684\u6307\u6325\u53ca\u4f5c\u66f2\u5bb6 Georges Pr\u00eatre \u53ca\u7f8e\u56fd\u4eab\u8a89\u76db\u540d\u7684\u6307\u6325\u5bb6 George Pehlivanian \u6307\u6325\u7684\u4e50\u961f\u5728 \u5df4\u9ece\u7d22\u90a6\u5927\u5b66\u5408\u4f5c\u6f14\u594f\u3002\u4ed6\u4eec\u8fd8\u66fe\u53c2\u52a0\u8fc7\u7531 Fran\u00e7ois Boulanger \u6307\u6325\u7684\u6cd5\u56fd\u5df4\u9ece\u7981\u536b \u519b\u4ea4\u54cd\u4e50\u56e2\u4ee5\u53ca Pierre-Michel Durand \u6307\u6325\u7684\u5df4\u9ece\u97f3\u4e50\u5b66\u9662\u7684\u4ea4\u54cd\u4e50\u961f\u8054\u8882\u6f14\u51fa\u3002<\/p>\n<p>\u5927\u8d5b\u53e6\u4e00\u4e2a\u7684\u4e0e\u4f17\u4e0d\u540c\u4e4b\u5904\u662f\uff0c\u6211\u4eec\u7684\u9009\u624b\u5e76\u975e\u666e\u901a\u610f\u4e49\u4e0a\u201c\u4e1a\u4f59\u201d\u6027\u8d28\u7684\u7231\u597d\u8005\uff0c\u4ed6\u4eec\u662f\u4e00\u7fa4\u201c\u4e0d\u4ec5\u4f1a\u5f39\u94a2\u7434\u201d\u7684\u94a2\u7434\u5bb6\uff0c\u4ed6\u4eec\u662f\u66fe\u5728\u81ea\u5df1\u7684\u804c\u4e1a\u548c\u672a\u80fd\u5f00\u59cb\u7684\u6f14\u594f\u5bb6\u751f\u6daf\u95f4\u505a\u51fa\u8fc7\u8270\u96be\u6289\u62e9\u7684\u97f3\u4e50\u5bb6\u3002\u5bf9\u4ed6\u4eec\u6765\u8bf4\uff0c\u8fd9\u662f\u4e00\u4e2a\u8981\u8c0b\u751f\u8fd8\u8981\u97f3\u4e50\u7684\u9009\u62e9\u3002[\/vc_column_text][vc_single_image image=&#8221;5321&#8243; img_size=&#8221;full&#8221; alignment=&#8221;center&#8221; css=&#8221;&#8221;][\/vc_column][\/vc_row]<\/p>\n<\/div>","protected":false},"excerpt":{"rendered":"<p>[vc_row vc_row_background=&#8221;&#8221; el_class=&#038;#822 [&hellip;]<\/p>\n","protected":false},"author":1,"featured_media":0,"parent":0,"menu_order":0,"comment_status":"closed","ping_status":"closed","template":"","meta":{"footnotes":""},"class_list":["post-1353","page","type-page","status-publish","hentry"],"yoast_head":"<!-- This site is optimized with the Yoast SEO plugin v27.2 - https:\/\/yoast.com\/product\/yoast-seo-wordpress\/ -->\n<title>\u80cc\u666f - \u70ba\u512a\u79c0\u92fc\u7434\u696d\u9918<\/title>\n<meta name=\"robots\" content=\"index, follow, max-snippet:-1, max-image-preview:large, max-video-preview:-1\" \/>\n<link rel=\"canonical\" href=\"https:\/\/www.pianoamateurs.com\/zh-hans\/historique\/\" \/>\n<meta property=\"og:locale\" content=\"zh_CN\" \/>\n<meta property=\"og:type\" content=\"article\" \/>\n<meta property=\"og:title\" content=\"\u80cc\u666f - \u70ba\u512a\u79c0\u92fc\u7434\u696d\u9918\" \/>\n<meta property=\"og:description\" content=\"[vc_row vc_row_background=&#8221;&#8221; el_class=&amp;#822 [&hellip;]\" \/>\n<meta property=\"og:url\" content=\"https:\/\/www.pianoamateurs.com\/zh-hans\/historique\/\" \/>\n<meta property=\"og:site_name\" content=\"\u70ba\u512a\u79c0\u92fc\u7434\u696d\u9918\" \/>\n<meta property=\"article:modified_time\" content=\"2025-02-09T00:32:46+00:00\" \/>\n<meta property=\"og:image\" content=\"https:\/\/www.pianoamateurs.com\/wp-content\/uploads\/2020\/11\/photo_06.jpg\" \/>\n\t<meta property=\"og:image:width\" content=\"364\" \/>\n\t<meta property=\"og:image:height\" content=\"248\" \/>\n\t<meta property=\"og:image:type\" content=\"image\/jpeg\" \/>\n<meta name=\"twitter:card\" content=\"summary_large_image\" \/>\n<meta name=\"twitter:label1\" content=\"\u9884\u8ba1\u9605\u8bfb\u65f6\u95f4\" \/>\n\t<meta name=\"twitter:data1\" content=\"1 \u5206\" \/>\n<script type=\"application\/ld+json\" class=\"yoast-schema-graph\">{\"@context\":\"https:\/\/schema.org\",\"@graph\":[{\"@type\":\"WebPage\",\"@id\":\"https:\/\/www.pianoamateurs.com\/zh-hans\/historique\/\",\"url\":\"https:\/\/www.pianoamateurs.com\/zh-hans\/historique\/\",\"name\":\"\u80cc\u666f - \u70ba\u512a\u79c0\u92fc\u7434\u696d\u9918\",\"isPartOf\":{\"@id\":\"https:\/\/www.pianoamateurs.com\/#website\"},\"primaryImageOfPage\":{\"@id\":\"https:\/\/www.pianoamateurs.com\/zh-hans\/historique\/#primaryimage\"},\"image\":{\"@id\":\"https:\/\/www.pianoamateurs.com\/zh-hans\/historique\/#primaryimage\"},\"thumbnailUrl\":\"https:\/\/www.pianoamateurs.com\/wp-content\/uploads\/2020\/11\/photo_06.jpg\",\"datePublished\":\"2021-01-03T17:04:27+00:00\",\"dateModified\":\"2025-02-09T00:32:46+00:00\",\"breadcrumb\":{\"@id\":\"https:\/\/www.pianoamateurs.com\/zh-hans\/historique\/#breadcrumb\"},\"inLanguage\":\"zh-Hans\",\"potentialAction\":[{\"@type\":\"ReadAction\",\"target\":[\"https:\/\/www.pianoamateurs.com\/zh-hans\/historique\/\"]}]},{\"@type\":\"ImageObject\",\"inLanguage\":\"zh-Hans\",\"@id\":\"https:\/\/www.pianoamateurs.com\/zh-hans\/historique\/#primaryimage\",\"url\":\"https:\/\/www.pianoamateurs.com\/wp-content\/uploads\/2020\/11\/photo_06.jpg\",\"contentUrl\":\"https:\/\/www.pianoamateurs.com\/wp-content\/uploads\/2020\/11\/photo_06.jpg\"},{\"@type\":\"BreadcrumbList\",\"@id\":\"https:\/\/www.pianoamateurs.com\/zh-hans\/historique\/#breadcrumb\",\"itemListElement\":[{\"@type\":\"ListItem\",\"position\":1,\"name\":\"Accueil\",\"item\":\"https:\/\/www.pianoamateurs.com\/zh-hans\/\"},{\"@type\":\"ListItem\",\"position\":2,\"name\":\"\u80cc\u666f\"}]},{\"@type\":\"WebSite\",\"@id\":\"https:\/\/www.pianoamateurs.com\/#website\",\"url\":\"https:\/\/www.pianoamateurs.com\/\",\"name\":\"\u70ba\u512a\u79c0\u92fc\u7434\u696d\u9918\",\"description\":\"\u570b\u969b\u7af6\u722d\uff0c\u70ba\u512a\u79c0\u92fc\u7434\u696d\u9918\",\"potentialAction\":[{\"@type\":\"SearchAction\",\"target\":{\"@type\":\"EntryPoint\",\"urlTemplate\":\"https:\/\/www.pianoamateurs.com\/?s={search_term_string}\"},\"query-input\":{\"@type\":\"PropertyValueSpecification\",\"valueRequired\":true,\"valueName\":\"search_term_string\"}}],\"inLanguage\":\"zh-Hans\"}]}<\/script>\n<!-- \/ Yoast SEO plugin. -->","yoast_head_json":{"title":"\u80cc\u666f - \u70ba\u512a\u79c0\u92fc\u7434\u696d\u9918","robots":{"index":"index","follow":"follow","max-snippet":"max-snippet:-1","max-image-preview":"max-image-preview:large","max-video-preview":"max-video-preview:-1"},"canonical":"https:\/\/www.pianoamateurs.com\/zh-hans\/historique\/","og_locale":"zh_CN","og_type":"article","og_title":"\u80cc\u666f - \u70ba\u512a\u79c0\u92fc\u7434\u696d\u9918","og_description":"[vc_row vc_row_background=&#8221;&#8221; el_class=&#822 [&hellip;]","og_url":"https:\/\/www.pianoamateurs.com\/zh-hans\/historique\/","og_site_name":"\u70ba\u512a\u79c0\u92fc\u7434\u696d\u9918","article_modified_time":"2025-02-09T00:32:46+00:00","og_image":[{"width":364,"height":248,"url":"https:\/\/www.pianoamateurs.com\/wp-content\/uploads\/2020\/11\/photo_06.jpg","type":"image\/jpeg"}],"twitter_card":"summary_large_image","twitter_misc":{"\u9884\u8ba1\u9605\u8bfb\u65f6\u95f4":"1 \u5206"},"schema":{"@context":"https:\/\/schema.org","@graph":[{"@type":"WebPage","@id":"https:\/\/www.pianoamateurs.com\/zh-hans\/historique\/","url":"https:\/\/www.pianoamateurs.com\/zh-hans\/historique\/","name":"\u80cc\u666f - \u70ba\u512a\u79c0\u92fc\u7434\u696d\u9918","isPartOf":{"@id":"https:\/\/www.pianoamateurs.com\/#website"},"primaryImageOfPage":{"@id":"https:\/\/www.pianoamateurs.com\/zh-hans\/historique\/#primaryimage"},"image":{"@id":"https:\/\/www.pianoamateurs.com\/zh-hans\/historique\/#primaryimage"},"thumbnailUrl":"https:\/\/www.pianoamateurs.com\/wp-content\/uploads\/2020\/11\/photo_06.jpg","datePublished":"2021-01-03T17:04:27+00:00","dateModified":"2025-02-09T00:32:46+00:00","breadcrumb":{"@id":"https:\/\/www.pianoamateurs.com\/zh-hans\/historique\/#breadcrumb"},"inLanguage":"zh-Hans","potentialAction":[{"@type":"ReadAction","target":["https:\/\/www.pianoamateurs.com\/zh-hans\/historique\/"]}]},{"@type":"ImageObject","inLanguage":"zh-Hans","@id":"https:\/\/www.pianoamateurs.com\/zh-hans\/historique\/#primaryimage","url":"https:\/\/www.pianoamateurs.com\/wp-content\/uploads\/2020\/11\/photo_06.jpg","contentUrl":"https:\/\/www.pianoamateurs.com\/wp-content\/uploads\/2020\/11\/photo_06.jpg"},{"@type":"BreadcrumbList","@id":"https:\/\/www.pianoamateurs.com\/zh-hans\/historique\/#breadcrumb","itemListElement":[{"@type":"ListItem","position":1,"name":"Accueil","item":"https:\/\/www.pianoamateurs.com\/zh-hans\/"},{"@type":"ListItem","position":2,"name":"\u80cc\u666f"}]},{"@type":"WebSite","@id":"https:\/\/www.pianoamateurs.com\/#website","url":"https:\/\/www.pianoamateurs.com\/","name":"\u70ba\u512a\u79c0\u92fc\u7434\u696d\u9918","description":"\u570b\u969b\u7af6\u722d\uff0c\u70ba\u512a\u79c0\u92fc\u7434\u696d\u9918","potentialAction":[{"@type":"SearchAction","target":{"@type":"EntryPoint","urlTemplate":"https:\/\/www.pianoamateurs.com\/?s={search_term_string}"},"query-input":{"@type":"PropertyValueSpecification","valueRequired":true,"valueName":"search_term_string"}}],"inLanguage":"zh-Hans"}]}},"_links":{"self":[{"href":"https:\/\/www.pianoamateurs.com\/zh-hans\/wp-json\/wp\/v2\/pages\/1353","targetHints":{"allow":["GET"]}}],"collection":[{"href":"https:\/\/www.pianoamateurs.com\/zh-hans\/wp-json\/wp\/v2\/pages"}],"about":[{"href":"https:\/\/www.pianoamateurs.com\/zh-hans\/wp-json\/wp\/v2\/types\/page"}],"author":[{"embeddable":true,"href":"https:\/\/www.pianoamateurs.com\/zh-hans\/wp-json\/wp\/v2\/users\/1"}],"replies":[{"embeddable":true,"href":"https:\/\/www.pianoamateurs.com\/zh-hans\/wp-json\/wp\/v2\/comments?post=1353"}],"version-history":[{"count":5,"href":"https:\/\/www.pianoamateurs.com\/zh-hans\/wp-json\/wp\/v2\/pages\/1353\/revisions"}],"predecessor-version":[{"id":5335,"href":"https:\/\/www.pianoamateurs.com\/zh-hans\/wp-json\/wp\/v2\/pages\/1353\/revisions\/5335"}],"wp:attachment":[{"href":"https:\/\/www.pianoamateurs.com\/zh-hans\/wp-json\/wp\/v2\/media?parent=1353"}],"curies":[{"name":"wp","href":"https:\/\/api.w.org\/{rel}","templated":true}]}}